{"id":9,"date":"2023-06-04T09:59:12","date_gmt":"2023-06-04T12:59:12","guid":{"rendered":"https:\/\/getloyaltytest.com\/se\/?page_id=9"},"modified":"2023-06-05T10:10:22","modified_gmt":"2023-06-05T13:10:22","slug":"anvandarvillkor-och-villkor","status":"publish","type":"page","link":"https:\/\/getloyaltytest.com\/se\/anvandarvillkor-och-villkor\/","title":{"rendered":"Anv\u00e4ndarvillkor och villkor"},"content":{"rendered":"\t\t<div data-elementor-type=\"wp-page\" data-elementor-id=\"9\" class=\"elementor elementor-9\">\n\t\t\t\t\t\t<section class=\"elementor-section elementor-top-section elementor-element elementor-element-ed44933 elementor-section-boxed elementor-section-height-default elementor-section-height-default\" data-id=\"ed44933\" data-element_type=\"section\" data-e-type=\"section\">\n\t\t\t\t\t\t<div class=\"elementor-container elementor-column-gap-default\">\n\t\t\t\t\t<div class=\"elementor-column elementor-col-100 elementor-top-column elementor-element elementor-element-e74051a\" data-id=\"e74051a\" data-element_type=\"column\" data-e-type=\"column\">\n\t\t\t<div class=\"elementor-widget-wrap elementor-element-populated\">\n\t\t\t\t\t\t<div class=\"elementor-element elementor-element-a2f75f4 de_scroll_animation_no elementor-widget elementor-widget-text-editor\" data-id=\"a2f75f4\" data-element_type=\"widget\" data-e-type=\"widget\" data-widget_type=\"text-editor.default\">\n\t\t\t\t<div class=\"elementor-widget-container\">\n\t\t\t\t\t\t\t\t\t<p>Anv\u00e4ndningen av webbplatsen https:\/\/www.getloyaltytest.com f\u00f6ruts\u00e4tter fullst\u00e4ndigt godk\u00e4nnande av de allm\u00e4nna anv\u00e4ndarvillkoren som beskrivs nedan. Dessa anv\u00e4ndarvillkor kan \u00e4ndras eller kompletteras n\u00e4r som helst, s\u00e5 anv\u00e4ndare av webbplatsen https:\/\/www.getloyaltytest.com uppmanas att konsultera dem regelbundet.<\/p><p>Denna webbplats \u00e4r normalt tillg\u00e4nglig f\u00f6r anv\u00e4ndare n\u00e4r som helst. Avbrott p\u00e5 grund av tekniskt underh\u00e5ll kan dock beslutas av v\u00e5rt team, som kommer att f\u00f6rs\u00f6ka kommunicera med anv\u00e4ndarna f\u00f6re datum och tider f\u00f6r ingripandet.<\/p><p><strong>Hemsidan<\/strong><\/p><p>https:\/\/www.getloyaltytest.com uppdateras regelbundet av v\u00e5rt team. P\u00e5 samma s\u00e4tt kan juridiska meddelanden \u00e4ndras n\u00e4r som helst.<\/p><p><strong>Beskrivning av tillhandah\u00e5llna tj\u00e4nster.<\/strong><\/p><p>Lojalitetstestet \u00e4r utformat f\u00f6r att avg\u00f6ra hur trogen en pojkv\u00e4n, flickv\u00e4n, man eller hustru \u00e4r. Efter att ha bekr\u00e4ftat betalningen kommer kunden (du) att kontakta oss f\u00f6r att starta testet. En av v\u00e5ra sk\u00e5despelerskor eller sk\u00e5despelare kommer att kontakta din partner p\u00e5 sociala medier f\u00f6r att flirta med honom eller henne.<\/p><p>Flirtar kan utf\u00f6ras genom ett av f\u00f6ljande sociala n\u00e4tverk: Instagram, Facebook, WhatsApp.<\/p><p>Du kommer att vara i kontakt med sk\u00e5despelaren eller sk\u00e5despelerskan som valts f\u00f6r att framf\u00f6ra f\u00f6rest\u00e4llningen. Du kommer att f\u00e5 utskrifter av samtalen som erh\u00e5llits med din respektive partner.<\/p><p><strong>Betalningsmetoder.<\/strong><\/p><p>Kreditkort genom Stripe<\/p><p><strong>Ers\u00e4ttning<\/strong><\/p><p>Efter bekr\u00e4ftelse av betalning, i h\u00e4ndelse av uttag kommer vi att \u00e5terbetala 50% av det inbetalda beloppet.<\/p>\t\t\t\t\t\t\t\t<\/div>\n\t\t\t\t<\/div>\n\t\t\t\t\t<\/div>\n\t\t<\/div>\n\t\t\t\t\t<\/div>\n\t\t<\/section>\n\t\t\t\t<\/div>\n\t\t","protected":false},"excerpt":{"rendered":"<p>Anv\u00e4ndningen av webbplatsen https:\/\/www.getloyaltytest.com f\u00f6ruts\u00e4tter fullst\u00e4ndigt godk\u00e4nnande av de allm\u00e4nna anv\u00e4ndarvillkoren som beskrivs nedan. Dessa anv\u00e4ndarvillkor kan \u00e4ndras eller kompletteras n\u00e4r som helst, s\u00e5 anv\u00e4ndare av webbplatsen https:\/\/www.getloyaltytest.com uppmanas att konsultera dem regelbundet. Denna webbplats \u00e4r normalt tillg\u00e4nglig f\u00f6r anv\u00e4ndare n\u00e4r som helst. Avbrott p\u00e5 grund av tekniskt underh\u00e5ll kan dock beslutas av v\u00e5rt team, [&hellip;]<\/p>\n","protected":false},"author":1,"featured_media":0,"parent":0,"menu_order":0,"comment_status":"closed","ping_status":"closed","template":"","meta":{"footnotes":""},"class_list":["post-9","page","type-page","status-publish","hentry"],"yoast_head":"<!-- This site is optimized with the Yoast SEO plugin v27.6 - https:\/\/yoast.com\/product\/yoast-seo-wordpress\/ -->\n<title>Anv\u00e4ndarvillkor och villkor - Get Loyalty Test<\/title>\n<meta name=\"robots\" content=\"noindex, follow\" \/>\n<meta property=\"og:locale\" content=\"sv_SE\" \/>\n<meta property=\"og:type\" content=\"article\" \/>\n<meta property=\"og:title\" content=\"Anv\u00e4ndarvillkor och villkor - Get Loyalty Test\" \/>\n<meta property=\"og:description\" content=\"Anv\u00e4ndningen av webbplatsen https:\/\/www.getloyaltytest.com f\u00f6ruts\u00e4tter fullst\u00e4ndigt godk\u00e4nnande av de allm\u00e4nna anv\u00e4ndarvillkoren som beskrivs nedan. Dessa anv\u00e4ndarvillkor kan \u00e4ndras eller kompletteras n\u00e4r som helst, s\u00e5 anv\u00e4ndare av webbplatsen https:\/\/www.getloyaltytest.com uppmanas att konsultera dem regelbundet. Denna webbplats \u00e4r normalt tillg\u00e4nglig f\u00f6r anv\u00e4ndare n\u00e4r som helst. Avbrott p\u00e5 grund av tekniskt underh\u00e5ll kan dock beslutas av v\u00e5rt team, [&hellip;]\" \/>\n<meta property=\"og:url\" content=\"https:\/\/getloyaltytest.com\/se\/anvandarvillkor-och-villkor\/\" \/>\n<meta property=\"og:site_name\" content=\"Get Loyalty Test\" \/>\n<meta property=\"article:modified_time\" content=\"2023-06-05T13:10:22+00:00\" \/>\n<meta name=\"twitter:card\" content=\"summary_large_image\" \/>\n<meta name=\"twitter:label1\" content=\"Ber\u00e4knad l\u00e4stid\" \/>\n\t<meta name=\"twitter:data1\" content=\"2 minuter\" \/>\n<script type=\"application\/ld+json\" class=\"yoast-schema-graph\">{\"@context\":\"https:\\\/\\\/schema.org\",\"@graph\":[{\"@type\":\"WebPage\",\"@id\":\"https:\\\/\\\/getloyaltytest.com\\\/se\\\/anvandarvillkor-och-villkor\\\/\",\"url\":\"https:\\\/\\\/getloyaltytest.com\\\/se\\\/anvandarvillkor-och-villkor\\\/\",\"name\":\"Anv\u00e4ndarvillkor och villkor - Get Loyalty Test\",\"isPartOf\":{\"@id\":\"https:\\\/\\\/getloyaltytest.com\\\/se\\\/#website\"},\"datePublished\":\"2023-06-04T12:59:12+00:00\",\"dateModified\":\"2023-06-05T13:10:22+00:00\",\"breadcrumb\":{\"@id\":\"https:\\\/\\\/getloyaltytest.com\\\/se\\\/anvandarvillkor-och-villkor\\\/#breadcrumb\"},\"inLanguage\":\"sv-SE\",\"potentialAction\":[{\"@type\":\"ReadAction\",\"target\":[\"https:\\\/\\\/getloyaltytest.com\\\/se\\\/anvandarvillkor-och-villkor\\\/\"]}]},{\"@type\":\"BreadcrumbList\",\"@id\":\"https:\\\/\\\/getloyaltytest.com\\\/se\\\/anvandarvillkor-och-villkor\\\/#breadcrumb\",\"itemListElement\":[{\"@type\":\"ListItem\",\"position\":1,\"name\":\"In\u00edcio\",\"item\":\"https:\\\/\\\/getloyaltytest.com\\\/se\\\/\"},{\"@type\":\"ListItem\",\"position\":2,\"name\":\"Anv\u00e4ndarvillkor och villkor\"}]},{\"@type\":\"WebSite\",\"@id\":\"https:\\\/\\\/getloyaltytest.com\\\/se\\\/#website\",\"url\":\"https:\\\/\\\/getloyaltytest.com\\\/se\\\/\",\"name\":\"Get Loyalty Test\",\"description\":\"\",\"publisher\":{\"@id\":\"https:\\\/\\\/getloyaltytest.com\\\/se\\\/#organization\"},\"potentialAction\":[{\"@type\":\"SearchAction\",\"target\":{\"@type\":\"EntryPoint\",\"urlTemplate\":\"https:\\\/\\\/getloyaltytest.com\\\/se\\\/?s={search_term_string}\"},\"query-input\":{\"@type\":\"PropertyValueSpecification\",\"valueRequired\":true,\"valueName\":\"search_term_string\"}}],\"inLanguage\":\"sv-SE\"},{\"@type\":\"Organization\",\"@id\":\"https:\\\/\\\/getloyaltytest.com\\\/se\\\/#organization\",\"name\":\"Get Loyalty Test\",\"url\":\"https:\\\/\\\/getloyaltytest.com\\\/se\\\/\",\"logo\":{\"@type\":\"ImageObject\",\"inLanguage\":\"sv-SE\",\"@id\":\"https:\\\/\\\/getloyaltytest.com\\\/se\\\/#\\\/schema\\\/logo\\\/image\\\/\",\"url\":\"https:\\\/\\\/getloyaltytest.com\\\/se\\\/wp-content\\\/uploads\\\/sites\\\/8\\\/2023\\\/06\\\/get-loyalty-test-logo-seo.png\",\"contentUrl\":\"https:\\\/\\\/getloyaltytest.com\\\/se\\\/wp-content\\\/uploads\\\/sites\\\/8\\\/2023\\\/06\\\/get-loyalty-test-logo-seo.png\",\"width\":760,\"height\":380,\"caption\":\"Get Loyalty Test\"},\"image\":{\"@id\":\"https:\\\/\\\/getloyaltytest.com\\\/se\\\/#\\\/schema\\\/logo\\\/image\\\/\"},\"sameAs\":[\"https:\\\/\\\/www.instagram.com\\\/getloyaltytest\\\/\"]}]}<\/script>\n<!-- \/ Yoast SEO plugin. -->","yoast_head_json":{"title":"Anv\u00e4ndarvillkor och villkor - Get Loyalty Test","robots":{"index":"noindex","follow":"follow"},"og_locale":"sv_SE","og_type":"article","og_title":"Anv\u00e4ndarvillkor och villkor - Get Loyalty Test","og_description":"Anv\u00e4ndningen av webbplatsen https:\/\/www.getloyaltytest.com f\u00f6ruts\u00e4tter fullst\u00e4ndigt godk\u00e4nnande av de allm\u00e4nna anv\u00e4ndarvillkoren som beskrivs nedan. Dessa anv\u00e4ndarvillkor kan \u00e4ndras eller kompletteras n\u00e4r som helst, s\u00e5 anv\u00e4ndare av webbplatsen https:\/\/www.getloyaltytest.com uppmanas att konsultera dem regelbundet. Denna webbplats \u00e4r normalt tillg\u00e4nglig f\u00f6r anv\u00e4ndare n\u00e4r som helst. Avbrott p\u00e5 grund av tekniskt underh\u00e5ll kan dock beslutas av v\u00e5rt team, [&hellip;]","og_url":"https:\/\/getloyaltytest.com\/se\/anvandarvillkor-och-villkor\/","og_site_name":"Get Loyalty Test","article_modified_time":"2023-06-05T13:10:22+00:00","twitter_card":"summary_large_image","twitter_misc":{"Ber\u00e4knad l\u00e4stid":"2 minuter"},"schema":{"@context":"https:\/\/schema.org","@graph":[{"@type":"WebPage","@id":"https:\/\/getloyaltytest.com\/se\/anvandarvillkor-och-villkor\/","url":"https:\/\/getloyaltytest.com\/se\/anvandarvillkor-och-villkor\/","name":"Anv\u00e4ndarvillkor och villkor - Get Loyalty Test","isPartOf":{"@id":"https:\/\/getloyaltytest.com\/se\/#website"},"datePublished":"2023-06-04T12:59:12+00:00","dateModified":"2023-06-05T13:10:22+00:00","breadcrumb":{"@id":"https:\/\/getloyaltytest.com\/se\/anvandarvillkor-och-villkor\/#breadcrumb"},"inLanguage":"sv-SE","potentialAction":[{"@type":"ReadAction","target":["https:\/\/getloyaltytest.com\/se\/anvandarvillkor-och-villkor\/"]}]},{"@type":"BreadcrumbList","@id":"https:\/\/getloyaltytest.com\/se\/anvandarvillkor-och-villkor\/#breadcrumb","itemListElement":[{"@type":"ListItem","position":1,"name":"In\u00edcio","item":"https:\/\/getloyaltytest.com\/se\/"},{"@type":"ListItem","position":2,"name":"Anv\u00e4ndarvillkor och villkor"}]},{"@type":"WebSite","@id":"https:\/\/getloyaltytest.com\/se\/#website","url":"https:\/\/getloyaltytest.com\/se\/","name":"Get Loyalty Test","description":"","publisher":{"@id":"https:\/\/getloyaltytest.com\/se\/#organization"},"potentialAction":[{"@type":"SearchAction","target":{"@type":"EntryPoint","urlTemplate":"https:\/\/getloyaltytest.com\/se\/?s={search_term_string}"},"query-input":{"@type":"PropertyValueSpecification","valueRequired":true,"valueName":"search_term_string"}}],"inLanguage":"sv-SE"},{"@type":"Organization","@id":"https:\/\/getloyaltytest.com\/se\/#organization","name":"Get Loyalty Test","url":"https:\/\/getloyaltytest.com\/se\/","logo":{"@type":"ImageObject","inLanguage":"sv-SE","@id":"https:\/\/getloyaltytest.com\/se\/#\/schema\/logo\/image\/","url":"https:\/\/getloyaltytest.com\/se\/wp-content\/uploads\/sites\/8\/2023\/06\/get-loyalty-test-logo-seo.png","contentUrl":"https:\/\/getloyaltytest.com\/se\/wp-content\/uploads\/sites\/8\/2023\/06\/get-loyalty-test-logo-seo.png","width":760,"height":380,"caption":"Get Loyalty Test"},"image":{"@id":"https:\/\/getloyaltytest.com\/se\/#\/schema\/logo\/image\/"},"sameAs":["https:\/\/www.instagram.com\/getloyaltytest\/"]}]}},"_links":{"self":[{"href":"https:\/\/getloyaltytest.com\/se\/wp-json\/wp\/v2\/pages\/9","targetHints":{"allow":["GET"]}}],"collection":[{"href":"https:\/\/getloyaltytest.com\/se\/wp-json\/wp\/v2\/pages"}],"about":[{"href":"https:\/\/getloyaltytest.com\/se\/wp-json\/wp\/v2\/types\/page"}],"author":[{"embeddable":true,"href":"https:\/\/getloyaltytest.com\/se\/wp-json\/wp\/v2\/users\/1"}],"replies":[{"embeddable":true,"href":"https:\/\/getloyaltytest.com\/se\/wp-json\/wp\/v2\/comments?post=9"}],"version-history":[{"count":9,"href":"https:\/\/getloyaltytest.com\/se\/wp-json\/wp\/v2\/pages\/9\/revisions"}],"predecessor-version":[{"id":120,"href":"https:\/\/getloyaltytest.com\/se\/wp-json\/wp\/v2\/pages\/9\/revisions\/120"}],"wp:attachment":[{"href":"https:\/\/getloyaltytest.com\/se\/wp-json\/wp\/v2\/media?parent=9"}],"curies":[{"name":"wp","href":"https:\/\/api.w.org\/{rel}","templated":true}]}}