{"id":112,"date":"2023-06-05T10:07:16","date_gmt":"2023-06-05T13:07:16","guid":{"rendered":"https:\/\/getloyaltytest.com\/se\/?page_id=112"},"modified":"2023-06-05T10:08:53","modified_gmt":"2023-06-05T13:08:53","slug":"sekretess-och-cookiespolicy","status":"publish","type":"page","link":"https:\/\/getloyaltytest.com\/se\/sekretess-och-cookiespolicy\/","title":{"rendered":"Sekretess- och cookiespolicy"},"content":{"rendered":"\t\t<div data-elementor-type=\"wp-page\" data-elementor-id=\"112\" class=\"elementor elementor-112\">\n\t\t\t\t\t\t<section class=\"elementor-section elementor-top-section elementor-element elementor-element-0d351ec elementor-section-boxed elementor-section-height-default elementor-section-height-default\" data-id=\"0d351ec\" data-element_type=\"section\" data-e-type=\"section\">\n\t\t\t\t\t\t<div class=\"elementor-container elementor-column-gap-default\">\n\t\t\t\t\t<div class=\"elementor-column elementor-col-100 elementor-top-column elementor-element elementor-element-a323a2e\" data-id=\"a323a2e\" data-element_type=\"column\" data-e-type=\"column\">\n\t\t\t<div class=\"elementor-widget-wrap elementor-element-populated\">\n\t\t\t\t\t\t<div class=\"elementor-element elementor-element-9417174 de_scroll_animation_no elementor-widget elementor-widget-text-editor\" data-id=\"9417174\" data-element_type=\"widget\" data-e-type=\"widget\" data-widget_type=\"text-editor.default\">\n\t\t\t\t<div class=\"elementor-widget-container\">\n\t\t\t\t\t\t\t\t\t<p><strong>Integritetspolicy<\/strong><\/p><p>Getloyaltytest behandlar dina uppgifter konfidentiellt. Dina uppgifter ing\u00e5r i en fil som \u00e4gs av Getloyaltytest. Endast om du godk\u00e4nner det kommer Getloyaltytest att skicka dig information om dess tj\u00e4nster. Du kan dock n\u00e4r som helst avregistrera dig fr\u00e5n denna tj\u00e4nst enkelt och kostnadsfritt. Du kan ut\u00f6va r\u00e4tten till tillg\u00e5ng, r\u00e4ttelse eller annullering och opposition genom att skicka ett e-postmeddelande med kontaktformul\u00e4ret<\/p><p><strong>Cookies<\/strong><\/p><p>Getloyaltytes kan anv\u00e4nda cookies, p\u00e5 vissa portalsidor, som \u00e4r sm\u00e5 datafiler som genereras p\u00e5 anv\u00e4ndarens dator och som g\u00f6r att v\u00e5ra system kan komma ih\u00e5g anv\u00e4ndarens surfpreferenser. Dessa cookies \u00e4r inte invasiva, skadliga eller inneh\u00e5ller personuppgifter. Att dina webbl\u00e4sare inte accepterar dessa cookies kan f\u00f6rhindra \u00e5tkomst till vissa portaltj\u00e4nster.<\/p><p><strong>Hur reng\u00f6r man webbl\u00e4sarcookies?<\/strong><\/p><p>H\u00e4r \u00e4r n\u00e5gra grundl\u00e4ggande instruktioner om hur du rensar cookies i din webbl\u00e4sare<\/p><p>Firefox:<br \/>G\u00e5 till Historik -&gt; Rensa senaste historik. V\u00e4lj Detaljer och avmarkera alla alternativ utom cookies. Ange tidsintervallet och klicka p\u00e5 Ta bort nu.<\/p><p>Krom<br \/>G\u00e5 till Chrome och g\u00e5 till Inst\u00e4llningar -&gt; Avancerat -&gt; Rensa webbinformation. V\u00e4lj endast cookies och annan data fr\u00e5n webbplatser och till\u00e4gg, v\u00e4lj den period som du vill radera dem och klicka p\u00e5 Rensa webbinformation.<\/p><p>Safari<br \/>Klicka p\u00e5 Safari -&gt; Inst\u00e4llningar -&gt; Sekretess -&gt; Hantera webbplatsdata -&gt; Ta bort alla och bekr\u00e4fta.<\/p><p>Opera:<br \/>Klicka p\u00e5 Inst\u00e4llningar -&gt; Ta bort privata data -&gt; V\u00e4lj de tv\u00e5 f\u00e4lten Ta bort tillf\u00e4lliga cookies och Ta bort alla cookies, klicka sedan p\u00e5 Ta bort.<\/p><p>Microsoft Edge:<br \/>V\u00e4lj de tre horisontella linjerna (Hub-ikonen) i det \u00f6vre h\u00f6gra h\u00f6rnet av webbl\u00e4saren -&gt; klicka p\u00e5 Historik -&gt; Rensa all historik -&gt; v\u00e4lj Cookies och data fr\u00e5n webbplatser och sparade filer och cachad data och klicka p\u00e5 radera.<\/p><p>Internet Explorer 9, 10 och 11:<br \/>V\u00e4lj Verktyg (i kugghjulsikonen) -&gt; S\u00e4kerhet -&gt; Ta bort webbhistorik -&gt; se till att du avmarkerar alternativet Beh\u00e5ll bokm\u00e4rken och markerar b\u00e5da alternativen f\u00f6r tillf\u00e4lliga internetfiler och cookies och klicka p\u00e5 Ta bort.<\/p>\t\t\t\t\t\t\t\t<\/div>\n\t\t\t\t<\/div>\n\t\t\t\t\t<\/div>\n\t\t<\/div>\n\t\t\t\t\t<\/div>\n\t\t<\/section>\n\t\t\t\t<\/div>\n\t\t","protected":false},"excerpt":{"rendered":"<p>Integritetspolicy Getloyaltytest behandlar dina uppgifter konfidentiellt. Dina uppgifter ing\u00e5r i en fil som \u00e4gs av Getloyaltytest. Endast om du godk\u00e4nner det kommer Getloyaltytest att skicka dig information om dess tj\u00e4nster. Du kan dock n\u00e4r som helst avregistrera dig fr\u00e5n denna tj\u00e4nst enkelt och kostnadsfritt. Du kan ut\u00f6va r\u00e4tten till tillg\u00e5ng, r\u00e4ttelse eller annullering och opposition [&hellip;]<\/p>\n","protected":false},"author":1,"featured_media":0,"parent":0,"menu_order":0,"comment_status":"closed","ping_status":"closed","template":"","meta":{"footnotes":""},"class_list":["post-112","page","type-page","status-publish","hentry"],"yoast_head":"<!-- This site is optimized with the Yoast SEO plugin v27.5 - https:\/\/yoast.com\/product\/yoast-seo-wordpress\/ -->\n<title>Sekretess- och cookiespolicy - Get Loyalty Test<\/title>\n<meta name=\"robots\" content=\"noindex, follow\" \/>\n<meta property=\"og:locale\" content=\"sv_SE\" \/>\n<meta property=\"og:type\" content=\"article\" \/>\n<meta property=\"og:title\" content=\"Sekretess- och cookiespolicy - Get Loyalty Test\" \/>\n<meta property=\"og:description\" content=\"Integritetspolicy Getloyaltytest behandlar dina uppgifter konfidentiellt. Dina uppgifter ing\u00e5r i en fil som \u00e4gs av Getloyaltytest. Endast om du godk\u00e4nner det kommer Getloyaltytest att skicka dig information om dess tj\u00e4nster. Du kan dock n\u00e4r som helst avregistrera dig fr\u00e5n denna tj\u00e4nst enkelt och kostnadsfritt. Du kan ut\u00f6va r\u00e4tten till tillg\u00e5ng, r\u00e4ttelse eller annullering och opposition [&hellip;]\" \/>\n<meta property=\"og:url\" content=\"https:\/\/getloyaltytest.com\/se\/sekretess-och-cookiespolicy\/\" \/>\n<meta property=\"og:site_name\" content=\"Get Loyalty Test\" \/>\n<meta property=\"article:modified_time\" content=\"2023-06-05T13:08:53+00:00\" \/>\n<meta name=\"twitter:card\" content=\"summary_large_image\" \/>\n<meta name=\"twitter:label1\" content=\"Ber\u00e4knad l\u00e4stid\" \/>\n\t<meta name=\"twitter:data1\" content=\"2 minuter\" \/>\n<script type=\"application\/ld+json\" class=\"yoast-schema-graph\">{\"@context\":\"https:\\\/\\\/schema.org\",\"@graph\":[{\"@type\":\"WebPage\",\"@id\":\"https:\\\/\\\/getloyaltytest.com\\\/se\\\/sekretess-och-cookiespolicy\\\/\",\"url\":\"https:\\\/\\\/getloyaltytest.com\\\/se\\\/sekretess-och-cookiespolicy\\\/\",\"name\":\"Sekretess- och cookiespolicy - Get Loyalty Test\",\"isPartOf\":{\"@id\":\"https:\\\/\\\/getloyaltytest.com\\\/se\\\/#website\"},\"datePublished\":\"2023-06-05T13:07:16+00:00\",\"dateModified\":\"2023-06-05T13:08:53+00:00\",\"breadcrumb\":{\"@id\":\"https:\\\/\\\/getloyaltytest.com\\\/se\\\/sekretess-och-cookiespolicy\\\/#breadcrumb\"},\"inLanguage\":\"sv-SE\",\"potentialAction\":[{\"@type\":\"ReadAction\",\"target\":[\"https:\\\/\\\/getloyaltytest.com\\\/se\\\/sekretess-och-cookiespolicy\\\/\"]}]},{\"@type\":\"BreadcrumbList\",\"@id\":\"https:\\\/\\\/getloyaltytest.com\\\/se\\\/sekretess-och-cookiespolicy\\\/#breadcrumb\",\"itemListElement\":[{\"@type\":\"ListItem\",\"position\":1,\"name\":\"In\u00edcio\",\"item\":\"https:\\\/\\\/getloyaltytest.com\\\/se\\\/\"},{\"@type\":\"ListItem\",\"position\":2,\"name\":\"Sekretess- och cookiespolicy\"}]},{\"@type\":\"WebSite\",\"@id\":\"https:\\\/\\\/getloyaltytest.com\\\/se\\\/#website\",\"url\":\"https:\\\/\\\/getloyaltytest.com\\\/se\\\/\",\"name\":\"Get Loyalty Test\",\"description\":\"\",\"publisher\":{\"@id\":\"https:\\\/\\\/getloyaltytest.com\\\/se\\\/#organization\"},\"potentialAction\":[{\"@type\":\"SearchAction\",\"target\":{\"@type\":\"EntryPoint\",\"urlTemplate\":\"https:\\\/\\\/getloyaltytest.com\\\/se\\\/?s={search_term_string}\"},\"query-input\":{\"@type\":\"PropertyValueSpecification\",\"valueRequired\":true,\"valueName\":\"search_term_string\"}}],\"inLanguage\":\"sv-SE\"},{\"@type\":\"Organization\",\"@id\":\"https:\\\/\\\/getloyaltytest.com\\\/se\\\/#organization\",\"name\":\"Get Loyalty Test\",\"url\":\"https:\\\/\\\/getloyaltytest.com\\\/se\\\/\",\"logo\":{\"@type\":\"ImageObject\",\"inLanguage\":\"sv-SE\",\"@id\":\"https:\\\/\\\/getloyaltytest.com\\\/se\\\/#\\\/schema\\\/logo\\\/image\\\/\",\"url\":\"https:\\\/\\\/getloyaltytest.com\\\/se\\\/wp-content\\\/uploads\\\/sites\\\/8\\\/2023\\\/06\\\/get-loyalty-test-logo-seo.png\",\"contentUrl\":\"https:\\\/\\\/getloyaltytest.com\\\/se\\\/wp-content\\\/uploads\\\/sites\\\/8\\\/2023\\\/06\\\/get-loyalty-test-logo-seo.png\",\"width\":760,\"height\":380,\"caption\":\"Get Loyalty Test\"},\"image\":{\"@id\":\"https:\\\/\\\/getloyaltytest.com\\\/se\\\/#\\\/schema\\\/logo\\\/image\\\/\"},\"sameAs\":[\"https:\\\/\\\/www.instagram.com\\\/getloyaltytest\\\/\"]}]}<\/script>\n<!-- \/ Yoast SEO plugin. -->","yoast_head_json":{"title":"Sekretess- och cookiespolicy - Get Loyalty Test","robots":{"index":"noindex","follow":"follow"},"og_locale":"sv_SE","og_type":"article","og_title":"Sekretess- och cookiespolicy - Get Loyalty Test","og_description":"Integritetspolicy Getloyaltytest behandlar dina uppgifter konfidentiellt. Dina uppgifter ing\u00e5r i en fil som \u00e4gs av Getloyaltytest. Endast om du godk\u00e4nner det kommer Getloyaltytest att skicka dig information om dess tj\u00e4nster. Du kan dock n\u00e4r som helst avregistrera dig fr\u00e5n denna tj\u00e4nst enkelt och kostnadsfritt. Du kan ut\u00f6va r\u00e4tten till tillg\u00e5ng, r\u00e4ttelse eller annullering och opposition [&hellip;]","og_url":"https:\/\/getloyaltytest.com\/se\/sekretess-och-cookiespolicy\/","og_site_name":"Get Loyalty Test","article_modified_time":"2023-06-05T13:08:53+00:00","twitter_card":"summary_large_image","twitter_misc":{"Ber\u00e4knad l\u00e4stid":"2 minuter"},"schema":{"@context":"https:\/\/schema.org","@graph":[{"@type":"WebPage","@id":"https:\/\/getloyaltytest.com\/se\/sekretess-och-cookiespolicy\/","url":"https:\/\/getloyaltytest.com\/se\/sekretess-och-cookiespolicy\/","name":"Sekretess- och cookiespolicy - Get Loyalty Test","isPartOf":{"@id":"https:\/\/getloyaltytest.com\/se\/#website"},"datePublished":"2023-06-05T13:07:16+00:00","dateModified":"2023-06-05T13:08:53+00:00","breadcrumb":{"@id":"https:\/\/getloyaltytest.com\/se\/sekretess-och-cookiespolicy\/#breadcrumb"},"inLanguage":"sv-SE","potentialAction":[{"@type":"ReadAction","target":["https:\/\/getloyaltytest.com\/se\/sekretess-och-cookiespolicy\/"]}]},{"@type":"BreadcrumbList","@id":"https:\/\/getloyaltytest.com\/se\/sekretess-och-cookiespolicy\/#breadcrumb","itemListElement":[{"@type":"ListItem","position":1,"name":"In\u00edcio","item":"https:\/\/getloyaltytest.com\/se\/"},{"@type":"ListItem","position":2,"name":"Sekretess- och cookiespolicy"}]},{"@type":"WebSite","@id":"https:\/\/getloyaltytest.com\/se\/#website","url":"https:\/\/getloyaltytest.com\/se\/","name":"Get Loyalty Test","description":"","publisher":{"@id":"https:\/\/getloyaltytest.com\/se\/#organization"},"potentialAction":[{"@type":"SearchAction","target":{"@type":"EntryPoint","urlTemplate":"https:\/\/getloyaltytest.com\/se\/?s={search_term_string}"},"query-input":{"@type":"PropertyValueSpecification","valueRequired":true,"valueName":"search_term_string"}}],"inLanguage":"sv-SE"},{"@type":"Organization","@id":"https:\/\/getloyaltytest.com\/se\/#organization","name":"Get Loyalty Test","url":"https:\/\/getloyaltytest.com\/se\/","logo":{"@type":"ImageObject","inLanguage":"sv-SE","@id":"https:\/\/getloyaltytest.com\/se\/#\/schema\/logo\/image\/","url":"https:\/\/getloyaltytest.com\/se\/wp-content\/uploads\/sites\/8\/2023\/06\/get-loyalty-test-logo-seo.png","contentUrl":"https:\/\/getloyaltytest.com\/se\/wp-content\/uploads\/sites\/8\/2023\/06\/get-loyalty-test-logo-seo.png","width":760,"height":380,"caption":"Get Loyalty Test"},"image":{"@id":"https:\/\/getloyaltytest.com\/se\/#\/schema\/logo\/image\/"},"sameAs":["https:\/\/www.instagram.com\/getloyaltytest\/"]}]}},"_links":{"self":[{"href":"https:\/\/getloyaltytest.com\/se\/wp-json\/wp\/v2\/pages\/112","targetHints":{"allow":["GET"]}}],"collection":[{"href":"https:\/\/getloyaltytest.com\/se\/wp-json\/wp\/v2\/pages"}],"about":[{"href":"https:\/\/getloyaltytest.com\/se\/wp-json\/wp\/v2\/types\/page"}],"author":[{"embeddable":true,"href":"https:\/\/getloyaltytest.com\/se\/wp-json\/wp\/v2\/users\/1"}],"replies":[{"embeddable":true,"href":"https:\/\/getloyaltytest.com\/se\/wp-json\/wp\/v2\/comments?post=112"}],"version-history":[{"count":4,"href":"https:\/\/getloyaltytest.com\/se\/wp-json\/wp\/v2\/pages\/112\/revisions"}],"predecessor-version":[{"id":116,"href":"https:\/\/getloyaltytest.com\/se\/wp-json\/wp\/v2\/pages\/112\/revisions\/116"}],"wp:attachment":[{"href":"https:\/\/getloyaltytest.com\/se\/wp-json\/wp\/v2\/media?parent=112"}],"curies":[{"name":"wp","href":"https:\/\/api.w.org\/{rel}","templated":true}]}}