{"id":9,"date":"2023-06-02T17:15:42","date_gmt":"2023-06-02T20:15:42","guid":{"rendered":"https:\/\/getloyaltytest.com\/no\/?page_id=9"},"modified":"2023-06-04T19:34:43","modified_gmt":"2023-06-04T22:34:43","slug":"vilkar-for-bruk-og-betingelser","status":"publish","type":"page","link":"https:\/\/getloyaltytest.com\/no\/vilkar-for-bruk-og-betingelser\/","title":{"rendered":"Vilk\u00e5r for bruk og betingelser"},"content":{"rendered":"\t\t<div data-elementor-type=\"wp-page\" data-elementor-id=\"9\" class=\"elementor elementor-9\">\n\t\t\t\t\t\t<section class=\"elementor-section elementor-top-section elementor-element elementor-element-7a6f014 elementor-section-boxed elementor-section-height-default elementor-section-height-default\" data-id=\"7a6f014\" data-element_type=\"section\" data-e-type=\"section\">\n\t\t\t\t\t\t<div class=\"elementor-container elementor-column-gap-default\">\n\t\t\t\t\t<div class=\"elementor-column elementor-col-100 elementor-top-column elementor-element elementor-element-6530d6a\" data-id=\"6530d6a\" data-element_type=\"column\" data-e-type=\"column\">\n\t\t\t<div class=\"elementor-widget-wrap elementor-element-populated\">\n\t\t\t\t\t\t<div class=\"elementor-element elementor-element-7af1676 de_scroll_animation_no elementor-widget elementor-widget-text-editor\" data-id=\"7af1676\" data-element_type=\"widget\" data-e-type=\"widget\" data-widget_type=\"text-editor.default\">\n\t\t\t\t<div class=\"elementor-widget-container\">\n\t\t\t\t\t\t\t\t\t<p>Bruken av nettstedet https:\/\/www.getloyaltytest.com inneb\u00e6rer full aksept av de generelle bruksvilk\u00e5rene beskrevet nedenfor. Disse bruksvilk\u00e5rene kan endres eller suppleres n\u00e5r som helst, s\u00e5 brukere av nettstedet https:\/\/www.getloyaltytest.com inviteres til \u00e5 konsultere dem regelmessig.<\/p>\n<p>Denne nettsiden er normalt tilgjengelig for brukere n\u00e5r som helst. Avbrudd p\u00e5 grunn av teknisk vedlikehold kan imidlertid bli bestemt av v\u00e5rt team, som vil pr\u00f8ve \u00e5 kommunisere til brukere f\u00f8r datoene og tidspunktene for intervensjonen.<\/p>\n<p>Nettstedet https:\/\/www.getloyaltytest.com oppdateres jevnlig av teamet v\u00e5rt. P\u00e5 samme m\u00e5te kan juridiske merknader endres n\u00e5r som helst.<\/p>\n<p><strong>Beskrivelse av tjenester som tilbys.<\/strong><\/p>\n<p>Lojalitetstest er laget for \u00e5 finne ut hvor trofast en kj\u00e6reste, kj\u00e6reste, mann eller kone er. Etter \u00e5 ha bekreftet betalingen, vil kunden (du) kontakte oss for \u00e5 starte testen. En av v\u00e5re skuespillerinner eller skuespillere vil kontakte partneren din p\u00e5 sosiale medier for \u00e5 fl\u00f8rte med ham eller henne.<\/p>\n<p>Fl\u00f8rter kan utf\u00f8res gjennom ett av f\u00f8lgende sosiale nettverk: Instagram, Facebook, WhatsApp.<\/p>\n<p>Du vil v\u00e6re i kontakt med skuespilleren eller skuespillerinnen som er valgt til \u00e5 fremf\u00f8re forestillingen. Du vil motta utskrifter av samtalene innhentet med din respektive partner.<\/p>\n<p><strong>Betalingsmetoder.<\/strong><\/p>\n<p>Kredittkort gjennom Stripe<\/p>\n<p><strong>Refusjon.<\/strong><\/p>\n<p>Etter bekreftelse av betaling, i tilfelle uttak vil vi refundere 50% av betalt bel\u00f8p.<\/p>\t\t\t\t\t\t\t\t<\/div>\n\t\t\t\t<\/div>\n\t\t\t\t\t<\/div>\n\t\t<\/div>\n\t\t\t\t\t<\/div>\n\t\t<\/section>\n\t\t\t\t<\/div>\n\t\t","protected":false},"excerpt":{"rendered":"<p>Bruken av nettstedet https:\/\/www.getloyaltytest.com inneb\u00e6rer full aksept av de generelle bruksvilk\u00e5rene beskrevet nedenfor. Disse bruksvilk\u00e5rene kan endres eller suppleres n\u00e5r som helst, s\u00e5 brukere av nettstedet https:\/\/www.getloyaltytest.com inviteres til \u00e5 konsultere dem regelmessig. Denne nettsiden er normalt tilgjengelig for brukere n\u00e5r som helst. Avbrudd p\u00e5 grunn av teknisk vedlikehold kan imidlertid bli bestemt av v\u00e5rt [&hellip;]<\/p>\n","protected":false},"author":1,"featured_media":0,"parent":0,"menu_order":0,"comment_status":"closed","ping_status":"closed","template":"","meta":{"footnotes":""},"class_list":["post-9","page","type-page","status-publish","hentry"],"yoast_head":"<!-- This site is optimized with the Yoast SEO plugin v27.6 - https:\/\/yoast.com\/product\/yoast-seo-wordpress\/ -->\n<title>Vilk\u00e5r for bruk og betingelser - Get Loyalty Test<\/title>\n<meta name=\"robots\" content=\"noindex, follow\" \/>\n<meta property=\"og:locale\" content=\"nb_NO\" \/>\n<meta property=\"og:type\" content=\"article\" \/>\n<meta property=\"og:title\" content=\"Vilk\u00e5r for bruk og betingelser - Get Loyalty Test\" \/>\n<meta property=\"og:description\" content=\"Bruken av nettstedet https:\/\/www.getloyaltytest.com inneb\u00e6rer full aksept av de generelle bruksvilk\u00e5rene beskrevet nedenfor. Disse bruksvilk\u00e5rene kan endres eller suppleres n\u00e5r som helst, s\u00e5 brukere av nettstedet https:\/\/www.getloyaltytest.com inviteres til \u00e5 konsultere dem regelmessig. Denne nettsiden er normalt tilgjengelig for brukere n\u00e5r som helst. Avbrudd p\u00e5 grunn av teknisk vedlikehold kan imidlertid bli bestemt av v\u00e5rt [&hellip;]\" \/>\n<meta property=\"og:url\" content=\"https:\/\/getloyaltytest.com\/no\/vilkar-for-bruk-og-betingelser\/\" \/>\n<meta property=\"og:site_name\" content=\"Get Loyalty Test\" \/>\n<meta property=\"article:modified_time\" content=\"2023-06-04T22:34:43+00:00\" \/>\n<meta name=\"twitter:card\" content=\"summary_large_image\" \/>\n<meta name=\"twitter:label1\" content=\"Ansl. lesetid\" \/>\n\t<meta name=\"twitter:data1\" content=\"2 minutter\" \/>\n<script type=\"application\/ld+json\" class=\"yoast-schema-graph\">{\"@context\":\"https:\\\/\\\/schema.org\",\"@graph\":[{\"@type\":\"WebPage\",\"@id\":\"https:\\\/\\\/getloyaltytest.com\\\/no\\\/vilkar-for-bruk-og-betingelser\\\/\",\"url\":\"https:\\\/\\\/getloyaltytest.com\\\/no\\\/vilkar-for-bruk-og-betingelser\\\/\",\"name\":\"Vilk\u00e5r for bruk og betingelser - Get Loyalty Test\",\"isPartOf\":{\"@id\":\"https:\\\/\\\/getloyaltytest.com\\\/no\\\/#website\"},\"datePublished\":\"2023-06-02T20:15:42+00:00\",\"dateModified\":\"2023-06-04T22:34:43+00:00\",\"breadcrumb\":{\"@id\":\"https:\\\/\\\/getloyaltytest.com\\\/no\\\/vilkar-for-bruk-og-betingelser\\\/#breadcrumb\"},\"inLanguage\":\"nb-NO\",\"potentialAction\":[{\"@type\":\"ReadAction\",\"target\":[\"https:\\\/\\\/getloyaltytest.com\\\/no\\\/vilkar-for-bruk-og-betingelser\\\/\"]}]},{\"@type\":\"BreadcrumbList\",\"@id\":\"https:\\\/\\\/getloyaltytest.com\\\/no\\\/vilkar-for-bruk-og-betingelser\\\/#breadcrumb\",\"itemListElement\":[{\"@type\":\"ListItem\",\"position\":1,\"name\":\"In\u00edcio\",\"item\":\"https:\\\/\\\/getloyaltytest.com\\\/no\\\/\"},{\"@type\":\"ListItem\",\"position\":2,\"name\":\"Vilk\u00e5r for bruk og betingelser\"}]},{\"@type\":\"WebSite\",\"@id\":\"https:\\\/\\\/getloyaltytest.com\\\/no\\\/#website\",\"url\":\"https:\\\/\\\/getloyaltytest.com\\\/no\\\/\",\"name\":\"Get Loyalty Test\",\"description\":\"\",\"publisher\":{\"@id\":\"https:\\\/\\\/getloyaltytest.com\\\/no\\\/#organization\"},\"potentialAction\":[{\"@type\":\"SearchAction\",\"target\":{\"@type\":\"EntryPoint\",\"urlTemplate\":\"https:\\\/\\\/getloyaltytest.com\\\/no\\\/?s={search_term_string}\"},\"query-input\":{\"@type\":\"PropertyValueSpecification\",\"valueRequired\":true,\"valueName\":\"search_term_string\"}}],\"inLanguage\":\"nb-NO\"},{\"@type\":\"Organization\",\"@id\":\"https:\\\/\\\/getloyaltytest.com\\\/no\\\/#organization\",\"name\":\"Get Loyalty Test\",\"url\":\"https:\\\/\\\/getloyaltytest.com\\\/no\\\/\",\"logo\":{\"@type\":\"ImageObject\",\"inLanguage\":\"nb-NO\",\"@id\":\"https:\\\/\\\/getloyaltytest.com\\\/no\\\/#\\\/schema\\\/logo\\\/image\\\/\",\"url\":\"https:\\\/\\\/getloyaltytest.com\\\/no\\\/wp-content\\\/uploads\\\/sites\\\/5\\\/2023\\\/06\\\/get-loyalty-test-logo-seo.png\",\"contentUrl\":\"https:\\\/\\\/getloyaltytest.com\\\/no\\\/wp-content\\\/uploads\\\/sites\\\/5\\\/2023\\\/06\\\/get-loyalty-test-logo-seo.png\",\"width\":760,\"height\":380,\"caption\":\"Get Loyalty Test\"},\"image\":{\"@id\":\"https:\\\/\\\/getloyaltytest.com\\\/no\\\/#\\\/schema\\\/logo\\\/image\\\/\"},\"sameAs\":[\"https:\\\/\\\/www.instagram.com\\\/getloyaltytest\\\/\"]}]}<\/script>\n<!-- \/ Yoast SEO plugin. -->","yoast_head_json":{"title":"Vilk\u00e5r for bruk og betingelser - Get Loyalty Test","robots":{"index":"noindex","follow":"follow"},"og_locale":"nb_NO","og_type":"article","og_title":"Vilk\u00e5r for bruk og betingelser - Get Loyalty Test","og_description":"Bruken av nettstedet https:\/\/www.getloyaltytest.com inneb\u00e6rer full aksept av de generelle bruksvilk\u00e5rene beskrevet nedenfor. Disse bruksvilk\u00e5rene kan endres eller suppleres n\u00e5r som helst, s\u00e5 brukere av nettstedet https:\/\/www.getloyaltytest.com inviteres til \u00e5 konsultere dem regelmessig. Denne nettsiden er normalt tilgjengelig for brukere n\u00e5r som helst. Avbrudd p\u00e5 grunn av teknisk vedlikehold kan imidlertid bli bestemt av v\u00e5rt [&hellip;]","og_url":"https:\/\/getloyaltytest.com\/no\/vilkar-for-bruk-og-betingelser\/","og_site_name":"Get Loyalty Test","article_modified_time":"2023-06-04T22:34:43+00:00","twitter_card":"summary_large_image","twitter_misc":{"Ansl. lesetid":"2 minutter"},"schema":{"@context":"https:\/\/schema.org","@graph":[{"@type":"WebPage","@id":"https:\/\/getloyaltytest.com\/no\/vilkar-for-bruk-og-betingelser\/","url":"https:\/\/getloyaltytest.com\/no\/vilkar-for-bruk-og-betingelser\/","name":"Vilk\u00e5r for bruk og betingelser - Get Loyalty Test","isPartOf":{"@id":"https:\/\/getloyaltytest.com\/no\/#website"},"datePublished":"2023-06-02T20:15:42+00:00","dateModified":"2023-06-04T22:34:43+00:00","breadcrumb":{"@id":"https:\/\/getloyaltytest.com\/no\/vilkar-for-bruk-og-betingelser\/#breadcrumb"},"inLanguage":"nb-NO","potentialAction":[{"@type":"ReadAction","target":["https:\/\/getloyaltytest.com\/no\/vilkar-for-bruk-og-betingelser\/"]}]},{"@type":"BreadcrumbList","@id":"https:\/\/getloyaltytest.com\/no\/vilkar-for-bruk-og-betingelser\/#breadcrumb","itemListElement":[{"@type":"ListItem","position":1,"name":"In\u00edcio","item":"https:\/\/getloyaltytest.com\/no\/"},{"@type":"ListItem","position":2,"name":"Vilk\u00e5r for bruk og betingelser"}]},{"@type":"WebSite","@id":"https:\/\/getloyaltytest.com\/no\/#website","url":"https:\/\/getloyaltytest.com\/no\/","name":"Get Loyalty Test","description":"","publisher":{"@id":"https:\/\/getloyaltytest.com\/no\/#organization"},"potentialAction":[{"@type":"SearchAction","target":{"@type":"EntryPoint","urlTemplate":"https:\/\/getloyaltytest.com\/no\/?s={search_term_string}"},"query-input":{"@type":"PropertyValueSpecification","valueRequired":true,"valueName":"search_term_string"}}],"inLanguage":"nb-NO"},{"@type":"Organization","@id":"https:\/\/getloyaltytest.com\/no\/#organization","name":"Get Loyalty Test","url":"https:\/\/getloyaltytest.com\/no\/","logo":{"@type":"ImageObject","inLanguage":"nb-NO","@id":"https:\/\/getloyaltytest.com\/no\/#\/schema\/logo\/image\/","url":"https:\/\/getloyaltytest.com\/no\/wp-content\/uploads\/sites\/5\/2023\/06\/get-loyalty-test-logo-seo.png","contentUrl":"https:\/\/getloyaltytest.com\/no\/wp-content\/uploads\/sites\/5\/2023\/06\/get-loyalty-test-logo-seo.png","width":760,"height":380,"caption":"Get Loyalty Test"},"image":{"@id":"https:\/\/getloyaltytest.com\/no\/#\/schema\/logo\/image\/"},"sameAs":["https:\/\/www.instagram.com\/getloyaltytest\/"]}]}},"_links":{"self":[{"href":"https:\/\/getloyaltytest.com\/no\/wp-json\/wp\/v2\/pages\/9","targetHints":{"allow":["GET"]}}],"collection":[{"href":"https:\/\/getloyaltytest.com\/no\/wp-json\/wp\/v2\/pages"}],"about":[{"href":"https:\/\/getloyaltytest.com\/no\/wp-json\/wp\/v2\/types\/page"}],"author":[{"embeddable":true,"href":"https:\/\/getloyaltytest.com\/no\/wp-json\/wp\/v2\/users\/1"}],"replies":[{"embeddable":true,"href":"https:\/\/getloyaltytest.com\/no\/wp-json\/wp\/v2\/comments?post=9"}],"version-history":[{"count":5,"href":"https:\/\/getloyaltytest.com\/no\/wp-json\/wp\/v2\/pages\/9\/revisions"}],"predecessor-version":[{"id":121,"href":"https:\/\/getloyaltytest.com\/no\/wp-json\/wp\/v2\/pages\/9\/revisions\/121"}],"wp:attachment":[{"href":"https:\/\/getloyaltytest.com\/no\/wp-json\/wp\/v2\/media?parent=9"}],"curies":[{"name":"wp","href":"https:\/\/api.w.org\/{rel}","templated":true}]}}