{"id":115,"date":"2023-06-04T19:32:45","date_gmt":"2023-06-04T22:32:45","guid":{"rendered":"https:\/\/getloyaltytest.com\/no\/?page_id=115"},"modified":"2023-06-04T19:33:59","modified_gmt":"2023-06-04T22:33:59","slug":"personvernerklaering-og-cookies","status":"publish","type":"page","link":"https:\/\/getloyaltytest.com\/no\/personvernerklaering-og-cookies\/","title":{"rendered":"Personvernerkl\u00e6ring og Cookies"},"content":{"rendered":"\t\t<div data-elementor-type=\"wp-page\" data-elementor-id=\"115\" class=\"elementor elementor-115\">\n\t\t\t\t\t\t<section class=\"elementor-section elementor-top-section elementor-element elementor-element-1190fa5 elementor-section-boxed elementor-section-height-default elementor-section-height-default\" data-id=\"1190fa5\" data-element_type=\"section\" data-e-type=\"section\">\n\t\t\t\t\t\t<div class=\"elementor-container elementor-column-gap-default\">\n\t\t\t\t\t<div class=\"elementor-column elementor-col-100 elementor-top-column elementor-element elementor-element-3cbcf4a\" data-id=\"3cbcf4a\" data-element_type=\"column\" data-e-type=\"column\">\n\t\t\t<div class=\"elementor-widget-wrap elementor-element-populated\">\n\t\t\t\t\t\t<div class=\"elementor-element elementor-element-5ec1370 de_scroll_animation_no elementor-widget elementor-widget-text-editor\" data-id=\"5ec1370\" data-element_type=\"widget\" data-e-type=\"widget\" data-widget_type=\"text-editor.default\">\n\t\t\t\t<div class=\"elementor-widget-container\">\n\t\t\t\t\t\t\t\t\t<p><strong>Personvernerkl\u00e6ring<\/strong><\/p><p>Getloyaltytest behandler dataene dine konfidensielt. Dine data er inkludert i en fil som eies av Getloyaltytest. Kun hvis du autoriserer det, vil Getloyaltytest sende deg informasjon relatert til tjenestene. Du kan imidlertid n\u00e5r som helst melde deg av denne tjenesten enkelt og gratis. Du kan ut\u00f8ve rettighetene til tilgang, retting eller kansellering og opposisjon, ved \u00e5 sende en e-post ved \u00e5 bruke kontaktskjemaet<\/p><p><strong>Cookies<\/strong><\/p><p>Getloyaltytes kan bruke informasjonskapsler, p\u00e5 enkelte portalsider, som er sm\u00e5 datafiler generert p\u00e5 brukerens datamaskin og som lar v\u00e5re systemer huske brukerens nettleserpreferanser. Disse informasjonskapslene er ikke invasive, skadelige eller inneholder personopplysninger. Hvis nettleserne dine ikke godtar disse informasjonskapslene, kan det forhindre tilgang til visse portaltjenester.<\/p><p><strong>Hvordan rense nettleserens Cookies?<\/strong><\/p><p>Her er noen grunnleggende instruksjoner om hvordan du sletter informasjonskapsler i nettleseren din<\/p><p>Firefox:<br \/>G\u00e5 til Historikk -&gt; T\u00f8m nylig historikk. Velg Detaljer og fjern merket for alle alternativer unntatt informasjonskapsler. Angi tidsintervallet og klikk p\u00e5 Slett n\u00e5.<\/p><p>Krom<br \/>G\u00e5 til Chrome og g\u00e5 til Innstillinger -&gt; Avansert -&gt; Slett nettleserdata. Velg kun informasjonskapsler og andre data fra nettsteder og tillegg, velg perioden du vil slette dem for og klikk Slett nettleserdata.<\/p><p>Safari<br \/>Klikk Safari -&gt; Innstillinger -&gt; Personvern -&gt; Administrer nettstedsdata -&gt; Slett alle og bekreft.<\/p><p>Opera:<br \/>Klikk p\u00e5 Innstillinger -&gt; Slett private data -&gt; Velg de to feltene Slett midlertidige informasjonskapsler og Slett alle informasjonskapsler, og klikk deretter p\u00e5 Slett.<\/p><p>Microsoft Edge:<br \/>Velg de tre horisontale linjene (Hub-ikonet) i \u00f8vre h\u00f8yre hj\u00f8rne av nettleseren -&gt; klikk p\u00e5 Historikk -&gt; T\u00f8m all historikk -&gt; velg Informasjonskapsler og data fra nettsteder og lagrede filer og hurtigbufrede data og klikk p\u00e5 slett.<\/p><p>Internet Explorer 9, 10 og 11:<br \/>Velg Verkt\u00f8y (i tannhjulikonet) -&gt; Sikkerhet -&gt; Slett nettleserlogg -&gt; s\u00f8rg for at du fjerner merket for Behold bokmerker og merk av for begge alternativene for midlertidige internettfiler og informasjonskapsler og klikk p\u00e5 Slett.<\/p>\t\t\t\t\t\t\t\t<\/div>\n\t\t\t\t<\/div>\n\t\t\t\t\t<\/div>\n\t\t<\/div>\n\t\t\t\t\t<\/div>\n\t\t<\/section>\n\t\t\t\t<\/div>\n\t\t","protected":false},"excerpt":{"rendered":"<p>Personvernerkl\u00e6ring Getloyaltytest behandler dataene dine konfidensielt. Dine data er inkludert i en fil som eies av Getloyaltytest. Kun hvis du autoriserer det, vil Getloyaltytest sende deg informasjon relatert til tjenestene. Du kan imidlertid n\u00e5r som helst melde deg av denne tjenesten enkelt og gratis. Du kan ut\u00f8ve rettighetene til tilgang, retting eller kansellering og opposisjon, [&hellip;]<\/p>\n","protected":false},"author":1,"featured_media":0,"parent":0,"menu_order":0,"comment_status":"closed","ping_status":"closed","template":"","meta":{"footnotes":""},"class_list":["post-115","page","type-page","status-publish","hentry"],"yoast_head":"<!-- This site is optimized with the Yoast SEO plugin v27.4 - https:\/\/yoast.com\/product\/yoast-seo-wordpress\/ -->\n<title>Personvernerkl\u00e6ring og Cookies - Get Loyalty Test<\/title>\n<meta name=\"robots\" content=\"noindex, follow\" \/>\n<meta property=\"og:locale\" content=\"nb_NO\" \/>\n<meta property=\"og:type\" content=\"article\" \/>\n<meta property=\"og:title\" content=\"Personvernerkl\u00e6ring og Cookies - Get Loyalty Test\" \/>\n<meta property=\"og:description\" content=\"Personvernerkl\u00e6ring Getloyaltytest behandler dataene dine konfidensielt. Dine data er inkludert i en fil som eies av Getloyaltytest. Kun hvis du autoriserer det, vil Getloyaltytest sende deg informasjon relatert til tjenestene. Du kan imidlertid n\u00e5r som helst melde deg av denne tjenesten enkelt og gratis. Du kan ut\u00f8ve rettighetene til tilgang, retting eller kansellering og opposisjon, [&hellip;]\" \/>\n<meta property=\"og:url\" content=\"https:\/\/getloyaltytest.com\/no\/personvernerklaering-og-cookies\/\" \/>\n<meta property=\"og:site_name\" content=\"Get Loyalty Test\" \/>\n<meta property=\"article:modified_time\" content=\"2023-06-04T22:33:59+00:00\" \/>\n<meta name=\"twitter:card\" content=\"summary_large_image\" \/>\n<meta name=\"twitter:label1\" content=\"Ansl. lesetid\" \/>\n\t<meta name=\"twitter:data1\" content=\"2 minutter\" \/>\n<script type=\"application\/ld+json\" class=\"yoast-schema-graph\">{\"@context\":\"https:\\\/\\\/schema.org\",\"@graph\":[{\"@type\":\"WebPage\",\"@id\":\"https:\\\/\\\/getloyaltytest.com\\\/no\\\/personvernerklaering-og-cookies\\\/\",\"url\":\"https:\\\/\\\/getloyaltytest.com\\\/no\\\/personvernerklaering-og-cookies\\\/\",\"name\":\"Personvernerkl\u00e6ring og Cookies - Get Loyalty Test\",\"isPartOf\":{\"@id\":\"https:\\\/\\\/getloyaltytest.com\\\/no\\\/#website\"},\"datePublished\":\"2023-06-04T22:32:45+00:00\",\"dateModified\":\"2023-06-04T22:33:59+00:00\",\"breadcrumb\":{\"@id\":\"https:\\\/\\\/getloyaltytest.com\\\/no\\\/personvernerklaering-og-cookies\\\/#breadcrumb\"},\"inLanguage\":\"nb-NO\",\"potentialAction\":[{\"@type\":\"ReadAction\",\"target\":[\"https:\\\/\\\/getloyaltytest.com\\\/no\\\/personvernerklaering-og-cookies\\\/\"]}]},{\"@type\":\"BreadcrumbList\",\"@id\":\"https:\\\/\\\/getloyaltytest.com\\\/no\\\/personvernerklaering-og-cookies\\\/#breadcrumb\",\"itemListElement\":[{\"@type\":\"ListItem\",\"position\":1,\"name\":\"In\u00edcio\",\"item\":\"https:\\\/\\\/getloyaltytest.com\\\/no\\\/\"},{\"@type\":\"ListItem\",\"position\":2,\"name\":\"Personvernerkl\u00e6ring og Cookies\"}]},{\"@type\":\"WebSite\",\"@id\":\"https:\\\/\\\/getloyaltytest.com\\\/no\\\/#website\",\"url\":\"https:\\\/\\\/getloyaltytest.com\\\/no\\\/\",\"name\":\"Get Loyalty Test\",\"description\":\"\",\"publisher\":{\"@id\":\"https:\\\/\\\/getloyaltytest.com\\\/no\\\/#organization\"},\"potentialAction\":[{\"@type\":\"SearchAction\",\"target\":{\"@type\":\"EntryPoint\",\"urlTemplate\":\"https:\\\/\\\/getloyaltytest.com\\\/no\\\/?s={search_term_string}\"},\"query-input\":{\"@type\":\"PropertyValueSpecification\",\"valueRequired\":true,\"valueName\":\"search_term_string\"}}],\"inLanguage\":\"nb-NO\"},{\"@type\":\"Organization\",\"@id\":\"https:\\\/\\\/getloyaltytest.com\\\/no\\\/#organization\",\"name\":\"Get Loyalty Test\",\"url\":\"https:\\\/\\\/getloyaltytest.com\\\/no\\\/\",\"logo\":{\"@type\":\"ImageObject\",\"inLanguage\":\"nb-NO\",\"@id\":\"https:\\\/\\\/getloyaltytest.com\\\/no\\\/#\\\/schema\\\/logo\\\/image\\\/\",\"url\":\"https:\\\/\\\/getloyaltytest.com\\\/no\\\/wp-content\\\/uploads\\\/sites\\\/5\\\/2023\\\/06\\\/get-loyalty-test-logo-seo.png\",\"contentUrl\":\"https:\\\/\\\/getloyaltytest.com\\\/no\\\/wp-content\\\/uploads\\\/sites\\\/5\\\/2023\\\/06\\\/get-loyalty-test-logo-seo.png\",\"width\":760,\"height\":380,\"caption\":\"Get Loyalty Test\"},\"image\":{\"@id\":\"https:\\\/\\\/getloyaltytest.com\\\/no\\\/#\\\/schema\\\/logo\\\/image\\\/\"},\"sameAs\":[\"https:\\\/\\\/www.instagram.com\\\/getloyaltytest\\\/\"]}]}<\/script>\n<!-- \/ Yoast SEO plugin. -->","yoast_head_json":{"title":"Personvernerkl\u00e6ring og Cookies - Get Loyalty Test","robots":{"index":"noindex","follow":"follow"},"og_locale":"nb_NO","og_type":"article","og_title":"Personvernerkl\u00e6ring og Cookies - Get Loyalty Test","og_description":"Personvernerkl\u00e6ring Getloyaltytest behandler dataene dine konfidensielt. Dine data er inkludert i en fil som eies av Getloyaltytest. Kun hvis du autoriserer det, vil Getloyaltytest sende deg informasjon relatert til tjenestene. Du kan imidlertid n\u00e5r som helst melde deg av denne tjenesten enkelt og gratis. Du kan ut\u00f8ve rettighetene til tilgang, retting eller kansellering og opposisjon, [&hellip;]","og_url":"https:\/\/getloyaltytest.com\/no\/personvernerklaering-og-cookies\/","og_site_name":"Get Loyalty Test","article_modified_time":"2023-06-04T22:33:59+00:00","twitter_card":"summary_large_image","twitter_misc":{"Ansl. lesetid":"2 minutter"},"schema":{"@context":"https:\/\/schema.org","@graph":[{"@type":"WebPage","@id":"https:\/\/getloyaltytest.com\/no\/personvernerklaering-og-cookies\/","url":"https:\/\/getloyaltytest.com\/no\/personvernerklaering-og-cookies\/","name":"Personvernerkl\u00e6ring og Cookies - Get Loyalty Test","isPartOf":{"@id":"https:\/\/getloyaltytest.com\/no\/#website"},"datePublished":"2023-06-04T22:32:45+00:00","dateModified":"2023-06-04T22:33:59+00:00","breadcrumb":{"@id":"https:\/\/getloyaltytest.com\/no\/personvernerklaering-og-cookies\/#breadcrumb"},"inLanguage":"nb-NO","potentialAction":[{"@type":"ReadAction","target":["https:\/\/getloyaltytest.com\/no\/personvernerklaering-og-cookies\/"]}]},{"@type":"BreadcrumbList","@id":"https:\/\/getloyaltytest.com\/no\/personvernerklaering-og-cookies\/#breadcrumb","itemListElement":[{"@type":"ListItem","position":1,"name":"In\u00edcio","item":"https:\/\/getloyaltytest.com\/no\/"},{"@type":"ListItem","position":2,"name":"Personvernerkl\u00e6ring og Cookies"}]},{"@type":"WebSite","@id":"https:\/\/getloyaltytest.com\/no\/#website","url":"https:\/\/getloyaltytest.com\/no\/","name":"Get Loyalty Test","description":"","publisher":{"@id":"https:\/\/getloyaltytest.com\/no\/#organization"},"potentialAction":[{"@type":"SearchAction","target":{"@type":"EntryPoint","urlTemplate":"https:\/\/getloyaltytest.com\/no\/?s={search_term_string}"},"query-input":{"@type":"PropertyValueSpecification","valueRequired":true,"valueName":"search_term_string"}}],"inLanguage":"nb-NO"},{"@type":"Organization","@id":"https:\/\/getloyaltytest.com\/no\/#organization","name":"Get Loyalty Test","url":"https:\/\/getloyaltytest.com\/no\/","logo":{"@type":"ImageObject","inLanguage":"nb-NO","@id":"https:\/\/getloyaltytest.com\/no\/#\/schema\/logo\/image\/","url":"https:\/\/getloyaltytest.com\/no\/wp-content\/uploads\/sites\/5\/2023\/06\/get-loyalty-test-logo-seo.png","contentUrl":"https:\/\/getloyaltytest.com\/no\/wp-content\/uploads\/sites\/5\/2023\/06\/get-loyalty-test-logo-seo.png","width":760,"height":380,"caption":"Get Loyalty Test"},"image":{"@id":"https:\/\/getloyaltytest.com\/no\/#\/schema\/logo\/image\/"},"sameAs":["https:\/\/www.instagram.com\/getloyaltytest\/"]}]}},"_links":{"self":[{"href":"https:\/\/getloyaltytest.com\/no\/wp-json\/wp\/v2\/pages\/115","targetHints":{"allow":["GET"]}}],"collection":[{"href":"https:\/\/getloyaltytest.com\/no\/wp-json\/wp\/v2\/pages"}],"about":[{"href":"https:\/\/getloyaltytest.com\/no\/wp-json\/wp\/v2\/types\/page"}],"author":[{"embeddable":true,"href":"https:\/\/getloyaltytest.com\/no\/wp-json\/wp\/v2\/users\/1"}],"replies":[{"embeddable":true,"href":"https:\/\/getloyaltytest.com\/no\/wp-json\/wp\/v2\/comments?post=115"}],"version-history":[{"count":5,"href":"https:\/\/getloyaltytest.com\/no\/wp-json\/wp\/v2\/pages\/115\/revisions"}],"predecessor-version":[{"id":120,"href":"https:\/\/getloyaltytest.com\/no\/wp-json\/wp\/v2\/pages\/115\/revisions\/120"}],"wp:attachment":[{"href":"https:\/\/getloyaltytest.com\/no\/wp-json\/wp\/v2\/media?parent=115"}],"curies":[{"name":"wp","href":"https:\/\/api.w.org\/{rel}","templated":true}]}}