{"id":84,"date":"2023-05-28T11:16:08","date_gmt":"2023-05-28T14:16:08","guid":{"rendered":"https:\/\/getloyaltytest.com\/es\/?post_type=product&#038;p=84"},"modified":"2023-06-05T10:31:39","modified_gmt":"2023-06-05T13:31:39","slug":"test-de-fidelidad","status":"publish","type":"product","link":"https:\/\/getloyaltytest.com\/es\/empezar\/test-de-fidelidad\/","title":{"rendered":"Test de Fidelidad"},"content":{"rendered":"","protected":false},"excerpt":{"rendered":"<p>Test de Fidelidad en l\u00ednea. Una de nuestras actrices o actores ligar\u00e1 con tu pareja durante 5 d\u00edas.<\/p>\n","protected":false},"featured_media":85,"template":"","meta":[],"product_brand":[],"product_cat":[15],"product_tag":[],"class_list":{"0":"post-84","1":"product","2":"type-product","3":"status-publish","4":"has-post-thumbnail","6":"product_cat-sem-categoria","8":"first","9":"instock","10":"sale","11":"virtual","12":"sold-individually","13":"purchasable","14":"product-type-simple"},"yoast_head":"<!-- This site is optimized with the Yoast SEO plugin v27.4 - https:\/\/yoast.com\/product\/yoast-seo-wordpress\/ -->\n<title>Test de Fidelidad - Get Loyalty Test<\/title>\n<meta name=\"robots\" content=\"index, follow, max-snippet:-1, max-image-preview:large, max-video-preview:-1\" \/>\n<link rel=\"canonical\" href=\"https:\/\/getloyaltytest.com\/es\/empezar\/test-de-fidelidad\/\" \/>\n<meta property=\"og:locale\" content=\"es_ES\" \/>\n<meta property=\"og:type\" content=\"article\" \/>\n<meta property=\"og:title\" content=\"Test de Fidelidad - Get Loyalty Test\" \/>\n<meta property=\"og:description\" content=\"Test de Fidelidad en l\u00ednea. Una de nuestras actrices o actores ligar\u00e1 con tu pareja durante 5 d\u00edas.\" \/>\n<meta property=\"og:url\" content=\"https:\/\/getloyaltytest.com\/es\/empezar\/test-de-fidelidad\/\" \/>\n<meta property=\"og:site_name\" content=\"Get Loyalty Test\" \/>\n<meta property=\"article:modified_time\" content=\"2023-06-05T13:31:39+00:00\" \/>\n<meta property=\"og:image\" content=\"https:\/\/getloyaltytest.com\/es\/wp-content\/uploads\/sites\/2\/2023\/05\/pon-a-prueba-la-fidelidad-de-tu-pareja-1200x1200-1.jpg\" \/>\n\t<meta property=\"og:image:width\" content=\"1200\" \/>\n\t<meta property=\"og:image:height\" content=\"1200\" \/>\n\t<meta property=\"og:image:type\" content=\"image\/jpeg\" \/>\n<meta name=\"twitter:card\" content=\"summary_large_image\" \/>\n<script type=\"application\/ld+json\" class=\"yoast-schema-graph\">{\"@context\":\"https:\\\/\\\/schema.org\",\"@graph\":[{\"@type\":\"WebPage\",\"@id\":\"https:\\\/\\\/getloyaltytest.com\\\/es\\\/empezar\\\/test-de-fidelidad\\\/\",\"url\":\"https:\\\/\\\/getloyaltytest.com\\\/es\\\/empezar\\\/test-de-fidelidad\\\/\",\"name\":\"Test de Fidelidad - Get Loyalty Test\",\"isPartOf\":{\"@id\":\"https:\\\/\\\/getloyaltytest.com\\\/es\\\/#website\"},\"primaryImageOfPage\":{\"@id\":\"https:\\\/\\\/getloyaltytest.com\\\/es\\\/empezar\\\/test-de-fidelidad\\\/#primaryimage\"},\"image\":{\"@id\":\"https:\\\/\\\/getloyaltytest.com\\\/es\\\/empezar\\\/test-de-fidelidad\\\/#primaryimage\"},\"thumbnailUrl\":\"https:\\\/\\\/getloyaltytest.com\\\/es\\\/wp-content\\\/uploads\\\/sites\\\/2\\\/2023\\\/05\\\/pon-a-prueba-la-fidelidad-de-tu-pareja-1200x1200-1.jpg\",\"datePublished\":\"2023-05-28T14:16:08+00:00\",\"dateModified\":\"2023-06-05T13:31:39+00:00\",\"breadcrumb\":{\"@id\":\"https:\\\/\\\/getloyaltytest.com\\\/es\\\/empezar\\\/test-de-fidelidad\\\/#breadcrumb\"},\"inLanguage\":\"es\",\"potentialAction\":[{\"@type\":\"ReadAction\",\"target\":[\"https:\\\/\\\/getloyaltytest.com\\\/es\\\/empezar\\\/test-de-fidelidad\\\/\"]}]},{\"@type\":\"ImageObject\",\"inLanguage\":\"es\",\"@id\":\"https:\\\/\\\/getloyaltytest.com\\\/es\\\/empezar\\\/test-de-fidelidad\\\/#primaryimage\",\"url\":\"https:\\\/\\\/getloyaltytest.com\\\/es\\\/wp-content\\\/uploads\\\/sites\\\/2\\\/2023\\\/05\\\/pon-a-prueba-la-fidelidad-de-tu-pareja-1200x1200-1.jpg\",\"contentUrl\":\"https:\\\/\\\/getloyaltytest.com\\\/es\\\/wp-content\\\/uploads\\\/sites\\\/2\\\/2023\\\/05\\\/pon-a-prueba-la-fidelidad-de-tu-pareja-1200x1200-1.jpg\",\"width\":1200,\"height\":1200},{\"@type\":\"BreadcrumbList\",\"@id\":\"https:\\\/\\\/getloyaltytest.com\\\/es\\\/empezar\\\/test-de-fidelidad\\\/#breadcrumb\",\"itemListElement\":[{\"@type\":\"ListItem\",\"position\":1,\"name\":\"In\u00edcio\",\"item\":\"https:\\\/\\\/getloyaltytest.com\\\/es\\\/\"},{\"@type\":\"ListItem\",\"position\":2,\"name\":\"Empezar\",\"item\":\"https:\\\/\\\/getloyaltytest.com\\\/es\\\/empezar\\\/\"},{\"@type\":\"ListItem\",\"position\":3,\"name\":\"Test de Fidelidad\"}]},{\"@type\":\"WebSite\",\"@id\":\"https:\\\/\\\/getloyaltytest.com\\\/es\\\/#website\",\"url\":\"https:\\\/\\\/getloyaltytest.com\\\/es\\\/\",\"name\":\"Get Loyalty Test\",\"description\":\"\",\"publisher\":{\"@id\":\"https:\\\/\\\/getloyaltytest.com\\\/es\\\/#organization\"},\"potentialAction\":[{\"@type\":\"SearchAction\",\"target\":{\"@type\":\"EntryPoint\",\"urlTemplate\":\"https:\\\/\\\/getloyaltytest.com\\\/es\\\/?s={search_term_string}\"},\"query-input\":{\"@type\":\"PropertyValueSpecification\",\"valueRequired\":true,\"valueName\":\"search_term_string\"}}],\"inLanguage\":\"es\"},{\"@type\":\"Organization\",\"@id\":\"https:\\\/\\\/getloyaltytest.com\\\/es\\\/#organization\",\"name\":\"Get Loyalty Test\",\"url\":\"https:\\\/\\\/getloyaltytest.com\\\/es\\\/\",\"logo\":{\"@type\":\"ImageObject\",\"inLanguage\":\"es\",\"@id\":\"https:\\\/\\\/getloyaltytest.com\\\/es\\\/#\\\/schema\\\/logo\\\/image\\\/\",\"url\":\"https:\\\/\\\/getloyaltytest.com\\\/es\\\/wp-content\\\/uploads\\\/sites\\\/2\\\/2023\\\/06\\\/get-loyalty-test-logo-seo.png\",\"contentUrl\":\"https:\\\/\\\/getloyaltytest.com\\\/es\\\/wp-content\\\/uploads\\\/sites\\\/2\\\/2023\\\/06\\\/get-loyalty-test-logo-seo.png\",\"width\":760,\"height\":380,\"caption\":\"Get Loyalty Test\"},\"image\":{\"@id\":\"https:\\\/\\\/getloyaltytest.com\\\/es\\\/#\\\/schema\\\/logo\\\/image\\\/\"},\"sameAs\":[\"https:\\\/\\\/www.instagram.com\\\/pruebadefidelidad\\\/\"]}]}<\/script>\n<!-- \/ Yoast SEO plugin. -->","yoast_head_json":{"title":"Test de Fidelidad - Get Loyalty Test","robots":{"index":"index","follow":"follow","max-snippet":"max-snippet:-1","max-image-preview":"max-image-preview:large","max-video-preview":"max-video-preview:-1"},"canonical":"https:\/\/getloyaltytest.com\/es\/empezar\/test-de-fidelidad\/","og_locale":"es_ES","og_type":"article","og_title":"Test de Fidelidad - Get Loyalty Test","og_description":"Test de Fidelidad en l\u00ednea. Una de nuestras actrices o actores ligar\u00e1 con tu pareja durante 5 d\u00edas.","og_url":"https:\/\/getloyaltytest.com\/es\/empezar\/test-de-fidelidad\/","og_site_name":"Get Loyalty Test","article_modified_time":"2023-06-05T13:31:39+00:00","og_image":[{"width":1200,"height":1200,"url":"https:\/\/getloyaltytest.com\/es\/wp-content\/uploads\/sites\/2\/2023\/05\/pon-a-prueba-la-fidelidad-de-tu-pareja-1200x1200-1.jpg","type":"image\/jpeg"}],"twitter_card":"summary_large_image","schema":{"@context":"https:\/\/schema.org","@graph":[{"@type":"WebPage","@id":"https:\/\/getloyaltytest.com\/es\/empezar\/test-de-fidelidad\/","url":"https:\/\/getloyaltytest.com\/es\/empezar\/test-de-fidelidad\/","name":"Test de Fidelidad - Get Loyalty Test","isPartOf":{"@id":"https:\/\/getloyaltytest.com\/es\/#website"},"primaryImageOfPage":{"@id":"https:\/\/getloyaltytest.com\/es\/empezar\/test-de-fidelidad\/#primaryimage"},"image":{"@id":"https:\/\/getloyaltytest.com\/es\/empezar\/test-de-fidelidad\/#primaryimage"},"thumbnailUrl":"https:\/\/getloyaltytest.com\/es\/wp-content\/uploads\/sites\/2\/2023\/05\/pon-a-prueba-la-fidelidad-de-tu-pareja-1200x1200-1.jpg","datePublished":"2023-05-28T14:16:08+00:00","dateModified":"2023-06-05T13:31:39+00:00","breadcrumb":{"@id":"https:\/\/getloyaltytest.com\/es\/empezar\/test-de-fidelidad\/#breadcrumb"},"inLanguage":"es","potentialAction":[{"@type":"ReadAction","target":["https:\/\/getloyaltytest.com\/es\/empezar\/test-de-fidelidad\/"]}]},{"@type":"ImageObject","inLanguage":"es","@id":"https:\/\/getloyaltytest.com\/es\/empezar\/test-de-fidelidad\/#primaryimage","url":"https:\/\/getloyaltytest.com\/es\/wp-content\/uploads\/sites\/2\/2023\/05\/pon-a-prueba-la-fidelidad-de-tu-pareja-1200x1200-1.jpg","contentUrl":"https:\/\/getloyaltytest.com\/es\/wp-content\/uploads\/sites\/2\/2023\/05\/pon-a-prueba-la-fidelidad-de-tu-pareja-1200x1200-1.jpg","width":1200,"height":1200},{"@type":"BreadcrumbList","@id":"https:\/\/getloyaltytest.com\/es\/empezar\/test-de-fidelidad\/#breadcrumb","itemListElement":[{"@type":"ListItem","position":1,"name":"In\u00edcio","item":"https:\/\/getloyaltytest.com\/es\/"},{"@type":"ListItem","position":2,"name":"Empezar","item":"https:\/\/getloyaltytest.com\/es\/empezar\/"},{"@type":"ListItem","position":3,"name":"Test de Fidelidad"}]},{"@type":"WebSite","@id":"https:\/\/getloyaltytest.com\/es\/#website","url":"https:\/\/getloyaltytest.com\/es\/","name":"Get Loyalty Test","description":"","publisher":{"@id":"https:\/\/getloyaltytest.com\/es\/#organization"},"potentialAction":[{"@type":"SearchAction","target":{"@type":"EntryPoint","urlTemplate":"https:\/\/getloyaltytest.com\/es\/?s={search_term_string}"},"query-input":{"@type":"PropertyValueSpecification","valueRequired":true,"valueName":"search_term_string"}}],"inLanguage":"es"},{"@type":"Organization","@id":"https:\/\/getloyaltytest.com\/es\/#organization","name":"Get Loyalty Test","url":"https:\/\/getloyaltytest.com\/es\/","logo":{"@type":"ImageObject","inLanguage":"es","@id":"https:\/\/getloyaltytest.com\/es\/#\/schema\/logo\/image\/","url":"https:\/\/getloyaltytest.com\/es\/wp-content\/uploads\/sites\/2\/2023\/06\/get-loyalty-test-logo-seo.png","contentUrl":"https:\/\/getloyaltytest.com\/es\/wp-content\/uploads\/sites\/2\/2023\/06\/get-loyalty-test-logo-seo.png","width":760,"height":380,"caption":"Get Loyalty Test"},"image":{"@id":"https:\/\/getloyaltytest.com\/es\/#\/schema\/logo\/image\/"},"sameAs":["https:\/\/www.instagram.com\/pruebadefidelidad\/"]}]}},"_links":{"self":[{"href":"https:\/\/getloyaltytest.com\/es\/wp-json\/wp\/v2\/product\/84","targetHints":{"allow":["GET"]}}],"collection":[{"href":"https:\/\/getloyaltytest.com\/es\/wp-json\/wp\/v2\/product"}],"about":[{"href":"https:\/\/getloyaltytest.com\/es\/wp-json\/wp\/v2\/types\/product"}],"wp:featuredmedia":[{"embeddable":true,"href":"https:\/\/getloyaltytest.com\/es\/wp-json\/wp\/v2\/media\/85"}],"wp:attachment":[{"href":"https:\/\/getloyaltytest.com\/es\/wp-json\/wp\/v2\/media?parent=84"}],"wp:term":[{"taxonomy":"product_brand","embeddable":true,"href":"https:\/\/getloyaltytest.com\/es\/wp-json\/wp\/v2\/product_brand?post=84"},{"taxonomy":"product_cat","embeddable":true,"href":"https:\/\/getloyaltytest.com\/es\/wp-json\/wp\/v2\/product_cat?post=84"},{"taxonomy":"product_tag","embeddable":true,"href":"https:\/\/getloyaltytest.com\/es\/wp-json\/wp\/v2\/product_tag?post=84"}],"curies":[{"name":"wp","href":"https:\/\/api.w.org\/{rel}","templated":true}]}}