{"id":153,"date":"2023-06-04T18:30:40","date_gmt":"2023-06-04T21:30:40","guid":{"rendered":"https:\/\/getloyaltytest.com\/es\/?page_id=153"},"modified":"2023-06-04T18:31:34","modified_gmt":"2023-06-04T21:31:34","slug":"politica-de-privacidad-y-cookies","status":"publish","type":"page","link":"https:\/\/getloyaltytest.com\/es\/politica-de-privacidad-y-cookies\/","title":{"rendered":"Pol\u00edtica de privacidad y Cookies"},"content":{"rendered":"\t\t<div data-elementor-type=\"wp-page\" data-elementor-id=\"153\" class=\"elementor elementor-153\">\n\t\t\t\t\t\t<section class=\"elementor-section elementor-top-section elementor-element elementor-element-ba8959a elementor-section-boxed elementor-section-height-default elementor-section-height-default\" data-id=\"ba8959a\" data-element_type=\"section\" data-e-type=\"section\">\n\t\t\t\t\t\t<div class=\"elementor-container elementor-column-gap-default\">\n\t\t\t\t\t<div class=\"elementor-column elementor-col-100 elementor-top-column elementor-element elementor-element-b54d708\" data-id=\"b54d708\" data-element_type=\"column\" data-e-type=\"column\">\n\t\t\t<div class=\"elementor-widget-wrap elementor-element-populated\">\n\t\t\t\t\t\t<div class=\"elementor-element elementor-element-25f8148 de_scroll_animation_no elementor-widget elementor-widget-text-editor\" data-id=\"25f8148\" data-element_type=\"widget\" data-e-type=\"widget\" data-widget_type=\"text-editor.default\">\n\t\t\t\t<div class=\"elementor-widget-container\">\n\t\t\t\t\t\t\t\t\t<p><strong>Pol\u00edtica de privacidad<\/strong><\/p><p>Getloyaltytest trata tus datos de forma confidencial. Tus datos se incluyen en un fichero propiedad de Getloyaltytest. Solo si lo autorizas, Getloyaltytest te enviar\u00e1 informaci\u00f3n relativa a sus servicios. No obstante, puede darse de baja en cualquier momento de este servicio de forma f\u00e1cil y gratuita. Puede ejercer los derechos de acceso, rectificaci\u00f3n o cancelaci\u00f3n y oposici\u00f3n, enviando un correo electr\u00f3nico utilizando el formulario de contacto<\/p><p><strong>Cookies<\/strong><\/p><p>Getloyaltytes puede utilizar cookies, en algunas p\u00e1ginas del portal, que son peque\u00f1os archivos de datos que se generan en el ordenador del usuario y que permiten a nuestros sistemas recordar las preferencias de navegaci\u00f3n del usuario. Estas cookies no son invasivas, nocivas ni contienen datos de car\u00e1cter personal. La no aceptaci\u00f3n de estas cookies por parte de su navegador puede impedir el acceso a determinados servicios del portal.<\/p><p><strong>\u00bfC\u00f3mo limpiar las cookies del navegador?<\/strong><\/p><p>Aqu\u00ed hay algunas instrucciones b\u00e1sicas sobre c\u00f3mo borrar las cookies en su navegador<\/p><p>Firefox:<br \/>Vaya a Historial -&gt; Borrar historial reciente. Selecciona Detalles y desmarca todas las opciones excepto las cookies. Especifique el intervalo de tiempo y haga clic en Eliminar ahora.<\/p><p>Cromo<br \/>Vaya a Chrome y vaya a Configuraci\u00f3n -&gt; Avanzado -&gt; Borrar datos de navegaci\u00f3n. Seleccione solo cookies y otros datos de sitios y complementos, seleccione el per\u00edodo durante el cual desea eliminarlos y haga clic en Borrar datos de navegaci\u00f3n.<\/p><p>Safari<br \/>Haga clic en Safari -&gt; Preferencias -&gt; Privacidad -&gt; Administrar datos del sitio web -&gt; Eliminar todo y confirme.<\/p><p>\u00d3pera:<br \/>Haga clic en Configuraci\u00f3n -&gt; Eliminar datos privados -&gt; Seleccione los dos campos Eliminar cookies temporales y Eliminar todas las cookies, luego haga clic en Eliminar.<\/p><p>Borde de Microsoft:<br \/>Seleccione las tres l\u00edneas horizontales (icono de Hub) en la esquina superior derecha del navegador -&gt; haga clic en Historial -&gt; Borrar todo el historial -&gt; seleccione Cookies y datos de sitios web y archivos guardados y datos almacenados en cach\u00e9 y haga clic en eliminar.<\/p><p>Internet Explorer 9, 10 y 11:<br \/>Seleccione Herramientas (en el \u00edcono de ajustes) -&gt; Seguridad -&gt; Eliminar el historial de navegaci\u00f3n -&gt; aseg\u00farese de desmarcar la opci\u00f3n Conservar marcadores y marque ambas opciones para archivos temporales de Internet y cookies y haga clic en Eliminar.<\/p>\t\t\t\t\t\t\t\t<\/div>\n\t\t\t\t<\/div>\n\t\t\t\t\t<\/div>\n\t\t<\/div>\n\t\t\t\t\t<\/div>\n\t\t<\/section>\n\t\t\t\t<\/div>\n\t\t","protected":false},"excerpt":{"rendered":"<p>Pol\u00edtica de privacidad Getloyaltytest trata tus datos de forma confidencial. Tus datos se incluyen en un fichero propiedad de Getloyaltytest. Solo si lo autorizas, Getloyaltytest te enviar\u00e1 informaci\u00f3n relativa a sus servicios. No obstante, puede darse de baja en cualquier momento de este servicio de forma f\u00e1cil y gratuita. Puede ejercer los derechos de acceso, [&hellip;]<\/p>\n","protected":false},"author":1,"featured_media":0,"parent":0,"menu_order":0,"comment_status":"closed","ping_status":"closed","template":"","meta":{"footnotes":""},"class_list":["post-153","page","type-page","status-publish","hentry"],"yoast_head":"<!-- This site is optimized with the Yoast SEO plugin v27.5 - https:\/\/yoast.com\/product\/yoast-seo-wordpress\/ -->\n<title>Pol\u00edtica de privacidad y Cookies - Get Loyalty Test<\/title>\n<meta name=\"robots\" content=\"index, follow, max-snippet:-1, max-image-preview:large, max-video-preview:-1\" \/>\n<link rel=\"canonical\" href=\"https:\/\/getloyaltytest.com\/es\/politica-de-privacidad-y-cookies\/\" \/>\n<meta property=\"og:locale\" content=\"es_ES\" \/>\n<meta property=\"og:type\" content=\"article\" \/>\n<meta property=\"og:title\" content=\"Pol\u00edtica de privacidad y Cookies - Get Loyalty Test\" \/>\n<meta property=\"og:description\" content=\"Pol\u00edtica de privacidad Getloyaltytest trata tus datos de forma confidencial. Tus datos se incluyen en un fichero propiedad de Getloyaltytest. Solo si lo autorizas, Getloyaltytest te enviar\u00e1 informaci\u00f3n relativa a sus servicios. No obstante, puede darse de baja en cualquier momento de este servicio de forma f\u00e1cil y gratuita. Puede ejercer los derechos de acceso, [&hellip;]\" \/>\n<meta property=\"og:url\" content=\"https:\/\/getloyaltytest.com\/es\/politica-de-privacidad-y-cookies\/\" \/>\n<meta property=\"og:site_name\" content=\"Get Loyalty Test\" \/>\n<meta property=\"article:modified_time\" content=\"2023-06-04T21:31:34+00:00\" \/>\n<meta name=\"twitter:card\" content=\"summary_large_image\" \/>\n<meta name=\"twitter:label1\" content=\"Tiempo de lectura\" \/>\n\t<meta name=\"twitter:data1\" content=\"2 minutos\" \/>\n<script type=\"application\/ld+json\" class=\"yoast-schema-graph\">{\"@context\":\"https:\\\/\\\/schema.org\",\"@graph\":[{\"@type\":\"WebPage\",\"@id\":\"https:\\\/\\\/getloyaltytest.com\\\/es\\\/politica-de-privacidad-y-cookies\\\/\",\"url\":\"https:\\\/\\\/getloyaltytest.com\\\/es\\\/politica-de-privacidad-y-cookies\\\/\",\"name\":\"Pol\u00edtica de privacidad y Cookies - Get Loyalty Test\",\"isPartOf\":{\"@id\":\"https:\\\/\\\/getloyaltytest.com\\\/es\\\/#website\"},\"datePublished\":\"2023-06-04T21:30:40+00:00\",\"dateModified\":\"2023-06-04T21:31:34+00:00\",\"breadcrumb\":{\"@id\":\"https:\\\/\\\/getloyaltytest.com\\\/es\\\/politica-de-privacidad-y-cookies\\\/#breadcrumb\"},\"inLanguage\":\"es\",\"potentialAction\":[{\"@type\":\"ReadAction\",\"target\":[\"https:\\\/\\\/getloyaltytest.com\\\/es\\\/politica-de-privacidad-y-cookies\\\/\"]}]},{\"@type\":\"BreadcrumbList\",\"@id\":\"https:\\\/\\\/getloyaltytest.com\\\/es\\\/politica-de-privacidad-y-cookies\\\/#breadcrumb\",\"itemListElement\":[{\"@type\":\"ListItem\",\"position\":1,\"name\":\"In\u00edcio\",\"item\":\"https:\\\/\\\/getloyaltytest.com\\\/es\\\/\"},{\"@type\":\"ListItem\",\"position\":2,\"name\":\"Pol\u00edtica de privacidad y Cookies\"}]},{\"@type\":\"WebSite\",\"@id\":\"https:\\\/\\\/getloyaltytest.com\\\/es\\\/#website\",\"url\":\"https:\\\/\\\/getloyaltytest.com\\\/es\\\/\",\"name\":\"Get Loyalty Test\",\"description\":\"\",\"publisher\":{\"@id\":\"https:\\\/\\\/getloyaltytest.com\\\/es\\\/#organization\"},\"potentialAction\":[{\"@type\":\"SearchAction\",\"target\":{\"@type\":\"EntryPoint\",\"urlTemplate\":\"https:\\\/\\\/getloyaltytest.com\\\/es\\\/?s={search_term_string}\"},\"query-input\":{\"@type\":\"PropertyValueSpecification\",\"valueRequired\":true,\"valueName\":\"search_term_string\"}}],\"inLanguage\":\"es\"},{\"@type\":\"Organization\",\"@id\":\"https:\\\/\\\/getloyaltytest.com\\\/es\\\/#organization\",\"name\":\"Get Loyalty Test\",\"url\":\"https:\\\/\\\/getloyaltytest.com\\\/es\\\/\",\"logo\":{\"@type\":\"ImageObject\",\"inLanguage\":\"es\",\"@id\":\"https:\\\/\\\/getloyaltytest.com\\\/es\\\/#\\\/schema\\\/logo\\\/image\\\/\",\"url\":\"https:\\\/\\\/getloyaltytest.com\\\/es\\\/wp-content\\\/uploads\\\/sites\\\/2\\\/2023\\\/06\\\/get-loyalty-test-logo-seo.png\",\"contentUrl\":\"https:\\\/\\\/getloyaltytest.com\\\/es\\\/wp-content\\\/uploads\\\/sites\\\/2\\\/2023\\\/06\\\/get-loyalty-test-logo-seo.png\",\"width\":760,\"height\":380,\"caption\":\"Get Loyalty Test\"},\"image\":{\"@id\":\"https:\\\/\\\/getloyaltytest.com\\\/es\\\/#\\\/schema\\\/logo\\\/image\\\/\"},\"sameAs\":[\"https:\\\/\\\/www.instagram.com\\\/pruebadefidelidad\\\/\"]}]}<\/script>\n<!-- \/ Yoast SEO plugin. -->","yoast_head_json":{"title":"Pol\u00edtica de privacidad y Cookies - Get Loyalty Test","robots":{"index":"index","follow":"follow","max-snippet":"max-snippet:-1","max-image-preview":"max-image-preview:large","max-video-preview":"max-video-preview:-1"},"canonical":"https:\/\/getloyaltytest.com\/es\/politica-de-privacidad-y-cookies\/","og_locale":"es_ES","og_type":"article","og_title":"Pol\u00edtica de privacidad y Cookies - Get Loyalty Test","og_description":"Pol\u00edtica de privacidad Getloyaltytest trata tus datos de forma confidencial. Tus datos se incluyen en un fichero propiedad de Getloyaltytest. Solo si lo autorizas, Getloyaltytest te enviar\u00e1 informaci\u00f3n relativa a sus servicios. No obstante, puede darse de baja en cualquier momento de este servicio de forma f\u00e1cil y gratuita. Puede ejercer los derechos de acceso, [&hellip;]","og_url":"https:\/\/getloyaltytest.com\/es\/politica-de-privacidad-y-cookies\/","og_site_name":"Get Loyalty Test","article_modified_time":"2023-06-04T21:31:34+00:00","twitter_card":"summary_large_image","twitter_misc":{"Tiempo de lectura":"2 minutos"},"schema":{"@context":"https:\/\/schema.org","@graph":[{"@type":"WebPage","@id":"https:\/\/getloyaltytest.com\/es\/politica-de-privacidad-y-cookies\/","url":"https:\/\/getloyaltytest.com\/es\/politica-de-privacidad-y-cookies\/","name":"Pol\u00edtica de privacidad y Cookies - Get Loyalty Test","isPartOf":{"@id":"https:\/\/getloyaltytest.com\/es\/#website"},"datePublished":"2023-06-04T21:30:40+00:00","dateModified":"2023-06-04T21:31:34+00:00","breadcrumb":{"@id":"https:\/\/getloyaltytest.com\/es\/politica-de-privacidad-y-cookies\/#breadcrumb"},"inLanguage":"es","potentialAction":[{"@type":"ReadAction","target":["https:\/\/getloyaltytest.com\/es\/politica-de-privacidad-y-cookies\/"]}]},{"@type":"BreadcrumbList","@id":"https:\/\/getloyaltytest.com\/es\/politica-de-privacidad-y-cookies\/#breadcrumb","itemListElement":[{"@type":"ListItem","position":1,"name":"In\u00edcio","item":"https:\/\/getloyaltytest.com\/es\/"},{"@type":"ListItem","position":2,"name":"Pol\u00edtica de privacidad y Cookies"}]},{"@type":"WebSite","@id":"https:\/\/getloyaltytest.com\/es\/#website","url":"https:\/\/getloyaltytest.com\/es\/","name":"Get Loyalty Test","description":"","publisher":{"@id":"https:\/\/getloyaltytest.com\/es\/#organization"},"potentialAction":[{"@type":"SearchAction","target":{"@type":"EntryPoint","urlTemplate":"https:\/\/getloyaltytest.com\/es\/?s={search_term_string}"},"query-input":{"@type":"PropertyValueSpecification","valueRequired":true,"valueName":"search_term_string"}}],"inLanguage":"es"},{"@type":"Organization","@id":"https:\/\/getloyaltytest.com\/es\/#organization","name":"Get Loyalty Test","url":"https:\/\/getloyaltytest.com\/es\/","logo":{"@type":"ImageObject","inLanguage":"es","@id":"https:\/\/getloyaltytest.com\/es\/#\/schema\/logo\/image\/","url":"https:\/\/getloyaltytest.com\/es\/wp-content\/uploads\/sites\/2\/2023\/06\/get-loyalty-test-logo-seo.png","contentUrl":"https:\/\/getloyaltytest.com\/es\/wp-content\/uploads\/sites\/2\/2023\/06\/get-loyalty-test-logo-seo.png","width":760,"height":380,"caption":"Get Loyalty Test"},"image":{"@id":"https:\/\/getloyaltytest.com\/es\/#\/schema\/logo\/image\/"},"sameAs":["https:\/\/www.instagram.com\/pruebadefidelidad\/"]}]}},"_links":{"self":[{"href":"https:\/\/getloyaltytest.com\/es\/wp-json\/wp\/v2\/pages\/153","targetHints":{"allow":["GET"]}}],"collection":[{"href":"https:\/\/getloyaltytest.com\/es\/wp-json\/wp\/v2\/pages"}],"about":[{"href":"https:\/\/getloyaltytest.com\/es\/wp-json\/wp\/v2\/types\/page"}],"author":[{"embeddable":true,"href":"https:\/\/getloyaltytest.com\/es\/wp-json\/wp\/v2\/users\/1"}],"replies":[{"embeddable":true,"href":"https:\/\/getloyaltytest.com\/es\/wp-json\/wp\/v2\/comments?post=153"}],"version-history":[{"count":3,"href":"https:\/\/getloyaltytest.com\/es\/wp-json\/wp\/v2\/pages\/153\/revisions"}],"predecessor-version":[{"id":156,"href":"https:\/\/getloyaltytest.com\/es\/wp-json\/wp\/v2\/pages\/153\/revisions\/156"}],"wp:attachment":[{"href":"https:\/\/getloyaltytest.com\/es\/wp-json\/wp\/v2\/media?parent=153"}],"curies":[{"name":"wp","href":"https:\/\/api.w.org\/{rel}","templated":true}]}}