{"id":10,"date":"2023-05-28T09:23:56","date_gmt":"2023-05-28T12:23:56","guid":{"rendered":"https:\/\/getloyaltytest.com\/es\/?page_id=10"},"modified":"2023-06-04T18:29:41","modified_gmt":"2023-06-04T21:29:41","slug":"terminos-de-uso-y-condiciones","status":"publish","type":"page","link":"https:\/\/getloyaltytest.com\/es\/terminos-de-uso-y-condiciones\/","title":{"rendered":"T\u00e9rminos de uso y condiciones"},"content":{"rendered":"\t\t<div data-elementor-type=\"wp-page\" data-elementor-id=\"10\" class=\"elementor elementor-10\">\n\t\t\t\t\t\t<section class=\"elementor-section elementor-top-section elementor-element elementor-element-9bcbb5a elementor-section-boxed elementor-section-height-default elementor-section-height-default\" data-id=\"9bcbb5a\" data-element_type=\"section\" data-e-type=\"section\">\n\t\t\t\t\t\t<div class=\"elementor-container elementor-column-gap-default\">\n\t\t\t\t\t<div class=\"elementor-column elementor-col-100 elementor-top-column elementor-element elementor-element-d323749\" data-id=\"d323749\" data-element_type=\"column\" data-e-type=\"column\">\n\t\t\t<div class=\"elementor-widget-wrap elementor-element-populated\">\n\t\t\t\t\t\t<div class=\"elementor-element elementor-element-bfccda7 de_scroll_animation_no elementor-widget elementor-widget-text-editor\" data-id=\"bfccda7\" data-element_type=\"widget\" data-e-type=\"widget\" data-widget_type=\"text-editor.default\">\n\t\t\t\t<div class=\"elementor-widget-container\">\n\t\t\t\t\t\t\t\t\t<p>El uso del sitio web https:\/\/www.getloyaltytest.com implica la plena aceptaci\u00f3n de las condiciones generales de uso que se describen a continuaci\u00f3n. Estas condiciones de uso pueden ser modificadas o completadas en cualquier momento, por lo que se invita a los usuarios del sitio web https:\/\/www.getloyaltytest.com a consultarlas peri\u00f3dicamente.<\/p>\n<p>Este sitio web es normalmente accesible para los usuarios en cualquier momento. No obstante, la interrupci\u00f3n por mantenimiento t\u00e9cnico podr\u00e1 ser decidida por nuestro equipo, que intentar\u00e1 comunicar a los usuarios antes de las fechas y horas de la intervenci\u00f3n.<\/p>\n<p>Nuestro equipo actualiza regularmente el sitio web https:\/\/www.getloyaltytest.com. Asimismo, los avisos legales podr\u00e1n ser modificados en cualquier momento.<\/p>\n<p><strong>Descripci\u00f3n de los servicios prestados.<\/strong><\/p>\n<p>La prueba de lealtad est\u00e1 dise\u00f1ada para determinar qu\u00e9 tan fiel es un novio, novia, esposo o esposa. Despu\u00e9s de confirmar el pago, el cliente (usted) se pondr\u00e1 en contacto con nosotros para iniciar la prueba. Una de nuestras actrices o actores se pondr\u00e1 en contacto con tu pareja en las redes sociales para ligar con \u00e9l o ella.<\/p>\n<p>Los coqueteos se pueden realizar a trav\u00e9s de alguna de las siguientes redes sociales: Instagram, Facebook, WhatsApp.<\/p>\n<p>Estar\u00e1s en contacto con el actor o actriz elegido para realizar la funci\u00f3n. Recibir\u00e1s impresiones de las conversaciones obtenidas con tu respectivo compa\u00f1ero.<\/p>\n<p><strong>Formas de pago.<\/strong><\/p>\n<p>Tarjeta de cr\u00e9dito a trav\u00e9s de Stripe<\/p>\n<p><strong>Reembolsos.<\/strong><\/p>\n<p>Tras la confirmaci\u00f3n del pago, en caso de desistimiento te devolveremos el 50% del importe pagado.<\/p>\t\t\t\t\t\t\t\t<\/div>\n\t\t\t\t<\/div>\n\t\t\t\t\t<\/div>\n\t\t<\/div>\n\t\t\t\t\t<\/div>\n\t\t<\/section>\n\t\t\t\t<\/div>\n\t\t","protected":false},"excerpt":{"rendered":"<p>El uso del sitio web https:\/\/www.getloyaltytest.com implica la plena aceptaci\u00f3n de las condiciones generales de uso que se describen a continuaci\u00f3n. Estas condiciones de uso pueden ser modificadas o completadas en cualquier momento, por lo que se invita a los usuarios del sitio web https:\/\/www.getloyaltytest.com a consultarlas peri\u00f3dicamente. Este sitio web es normalmente accesible para [&hellip;]<\/p>\n","protected":false},"author":1,"featured_media":0,"parent":0,"menu_order":0,"comment_status":"closed","ping_status":"closed","template":"","meta":{"footnotes":""},"class_list":["post-10","page","type-page","status-publish","hentry"],"yoast_head":"<!-- This site is optimized with the Yoast SEO plugin v27.4 - https:\/\/yoast.com\/product\/yoast-seo-wordpress\/ -->\n<title>T\u00e9rminos de uso y condiciones - Get Loyalty Test<\/title>\n<meta name=\"robots\" content=\"index, follow, max-snippet:-1, max-image-preview:large, max-video-preview:-1\" \/>\n<link rel=\"canonical\" href=\"https:\/\/getloyaltytest.com\/es\/terminos-de-uso-y-condiciones\/\" \/>\n<meta property=\"og:locale\" content=\"es_ES\" \/>\n<meta property=\"og:type\" content=\"article\" \/>\n<meta property=\"og:title\" content=\"T\u00e9rminos de uso y condiciones - Get Loyalty Test\" \/>\n<meta property=\"og:description\" content=\"El uso del sitio web https:\/\/www.getloyaltytest.com implica la plena aceptaci\u00f3n de las condiciones generales de uso que se describen a continuaci\u00f3n. Estas condiciones de uso pueden ser modificadas o completadas en cualquier momento, por lo que se invita a los usuarios del sitio web https:\/\/www.getloyaltytest.com a consultarlas peri\u00f3dicamente. Este sitio web es normalmente accesible para [&hellip;]\" \/>\n<meta property=\"og:url\" content=\"https:\/\/getloyaltytest.com\/es\/terminos-de-uso-y-condiciones\/\" \/>\n<meta property=\"og:site_name\" content=\"Get Loyalty Test\" \/>\n<meta property=\"article:modified_time\" content=\"2023-06-04T21:29:41+00:00\" \/>\n<meta name=\"twitter:card\" content=\"summary_large_image\" \/>\n<meta name=\"twitter:label1\" content=\"Tiempo de lectura\" \/>\n\t<meta name=\"twitter:data1\" content=\"2 minutos\" \/>\n<script type=\"application\/ld+json\" class=\"yoast-schema-graph\">{\"@context\":\"https:\\\/\\\/schema.org\",\"@graph\":[{\"@type\":\"WebPage\",\"@id\":\"https:\\\/\\\/getloyaltytest.com\\\/es\\\/terminos-de-uso-y-condiciones\\\/\",\"url\":\"https:\\\/\\\/getloyaltytest.com\\\/es\\\/terminos-de-uso-y-condiciones\\\/\",\"name\":\"T\u00e9rminos de uso y condiciones - Get Loyalty Test\",\"isPartOf\":{\"@id\":\"https:\\\/\\\/getloyaltytest.com\\\/es\\\/#website\"},\"datePublished\":\"2023-05-28T12:23:56+00:00\",\"dateModified\":\"2023-06-04T21:29:41+00:00\",\"breadcrumb\":{\"@id\":\"https:\\\/\\\/getloyaltytest.com\\\/es\\\/terminos-de-uso-y-condiciones\\\/#breadcrumb\"},\"inLanguage\":\"es\",\"potentialAction\":[{\"@type\":\"ReadAction\",\"target\":[\"https:\\\/\\\/getloyaltytest.com\\\/es\\\/terminos-de-uso-y-condiciones\\\/\"]}]},{\"@type\":\"BreadcrumbList\",\"@id\":\"https:\\\/\\\/getloyaltytest.com\\\/es\\\/terminos-de-uso-y-condiciones\\\/#breadcrumb\",\"itemListElement\":[{\"@type\":\"ListItem\",\"position\":1,\"name\":\"In\u00edcio\",\"item\":\"https:\\\/\\\/getloyaltytest.com\\\/es\\\/\"},{\"@type\":\"ListItem\",\"position\":2,\"name\":\"T\u00e9rminos de uso y condiciones\"}]},{\"@type\":\"WebSite\",\"@id\":\"https:\\\/\\\/getloyaltytest.com\\\/es\\\/#website\",\"url\":\"https:\\\/\\\/getloyaltytest.com\\\/es\\\/\",\"name\":\"Get Loyalty Test\",\"description\":\"\",\"publisher\":{\"@id\":\"https:\\\/\\\/getloyaltytest.com\\\/es\\\/#organization\"},\"potentialAction\":[{\"@type\":\"SearchAction\",\"target\":{\"@type\":\"EntryPoint\",\"urlTemplate\":\"https:\\\/\\\/getloyaltytest.com\\\/es\\\/?s={search_term_string}\"},\"query-input\":{\"@type\":\"PropertyValueSpecification\",\"valueRequired\":true,\"valueName\":\"search_term_string\"}}],\"inLanguage\":\"es\"},{\"@type\":\"Organization\",\"@id\":\"https:\\\/\\\/getloyaltytest.com\\\/es\\\/#organization\",\"name\":\"Get Loyalty Test\",\"url\":\"https:\\\/\\\/getloyaltytest.com\\\/es\\\/\",\"logo\":{\"@type\":\"ImageObject\",\"inLanguage\":\"es\",\"@id\":\"https:\\\/\\\/getloyaltytest.com\\\/es\\\/#\\\/schema\\\/logo\\\/image\\\/\",\"url\":\"https:\\\/\\\/getloyaltytest.com\\\/es\\\/wp-content\\\/uploads\\\/sites\\\/2\\\/2023\\\/06\\\/get-loyalty-test-logo-seo.png\",\"contentUrl\":\"https:\\\/\\\/getloyaltytest.com\\\/es\\\/wp-content\\\/uploads\\\/sites\\\/2\\\/2023\\\/06\\\/get-loyalty-test-logo-seo.png\",\"width\":760,\"height\":380,\"caption\":\"Get Loyalty Test\"},\"image\":{\"@id\":\"https:\\\/\\\/getloyaltytest.com\\\/es\\\/#\\\/schema\\\/logo\\\/image\\\/\"},\"sameAs\":[\"https:\\\/\\\/www.instagram.com\\\/pruebadefidelidad\\\/\"]}]}<\/script>\n<!-- \/ Yoast SEO plugin. -->","yoast_head_json":{"title":"T\u00e9rminos de uso y condiciones - Get Loyalty Test","robots":{"index":"index","follow":"follow","max-snippet":"max-snippet:-1","max-image-preview":"max-image-preview:large","max-video-preview":"max-video-preview:-1"},"canonical":"https:\/\/getloyaltytest.com\/es\/terminos-de-uso-y-condiciones\/","og_locale":"es_ES","og_type":"article","og_title":"T\u00e9rminos de uso y condiciones - Get Loyalty Test","og_description":"El uso del sitio web https:\/\/www.getloyaltytest.com implica la plena aceptaci\u00f3n de las condiciones generales de uso que se describen a continuaci\u00f3n. Estas condiciones de uso pueden ser modificadas o completadas en cualquier momento, por lo que se invita a los usuarios del sitio web https:\/\/www.getloyaltytest.com a consultarlas peri\u00f3dicamente. Este sitio web es normalmente accesible para [&hellip;]","og_url":"https:\/\/getloyaltytest.com\/es\/terminos-de-uso-y-condiciones\/","og_site_name":"Get Loyalty Test","article_modified_time":"2023-06-04T21:29:41+00:00","twitter_card":"summary_large_image","twitter_misc":{"Tiempo de lectura":"2 minutos"},"schema":{"@context":"https:\/\/schema.org","@graph":[{"@type":"WebPage","@id":"https:\/\/getloyaltytest.com\/es\/terminos-de-uso-y-condiciones\/","url":"https:\/\/getloyaltytest.com\/es\/terminos-de-uso-y-condiciones\/","name":"T\u00e9rminos de uso y condiciones - Get Loyalty Test","isPartOf":{"@id":"https:\/\/getloyaltytest.com\/es\/#website"},"datePublished":"2023-05-28T12:23:56+00:00","dateModified":"2023-06-04T21:29:41+00:00","breadcrumb":{"@id":"https:\/\/getloyaltytest.com\/es\/terminos-de-uso-y-condiciones\/#breadcrumb"},"inLanguage":"es","potentialAction":[{"@type":"ReadAction","target":["https:\/\/getloyaltytest.com\/es\/terminos-de-uso-y-condiciones\/"]}]},{"@type":"BreadcrumbList","@id":"https:\/\/getloyaltytest.com\/es\/terminos-de-uso-y-condiciones\/#breadcrumb","itemListElement":[{"@type":"ListItem","position":1,"name":"In\u00edcio","item":"https:\/\/getloyaltytest.com\/es\/"},{"@type":"ListItem","position":2,"name":"T\u00e9rminos de uso y condiciones"}]},{"@type":"WebSite","@id":"https:\/\/getloyaltytest.com\/es\/#website","url":"https:\/\/getloyaltytest.com\/es\/","name":"Get Loyalty Test","description":"","publisher":{"@id":"https:\/\/getloyaltytest.com\/es\/#organization"},"potentialAction":[{"@type":"SearchAction","target":{"@type":"EntryPoint","urlTemplate":"https:\/\/getloyaltytest.com\/es\/?s={search_term_string}"},"query-input":{"@type":"PropertyValueSpecification","valueRequired":true,"valueName":"search_term_string"}}],"inLanguage":"es"},{"@type":"Organization","@id":"https:\/\/getloyaltytest.com\/es\/#organization","name":"Get Loyalty Test","url":"https:\/\/getloyaltytest.com\/es\/","logo":{"@type":"ImageObject","inLanguage":"es","@id":"https:\/\/getloyaltytest.com\/es\/#\/schema\/logo\/image\/","url":"https:\/\/getloyaltytest.com\/es\/wp-content\/uploads\/sites\/2\/2023\/06\/get-loyalty-test-logo-seo.png","contentUrl":"https:\/\/getloyaltytest.com\/es\/wp-content\/uploads\/sites\/2\/2023\/06\/get-loyalty-test-logo-seo.png","width":760,"height":380,"caption":"Get Loyalty Test"},"image":{"@id":"https:\/\/getloyaltytest.com\/es\/#\/schema\/logo\/image\/"},"sameAs":["https:\/\/www.instagram.com\/pruebadefidelidad\/"]}]}},"_links":{"self":[{"href":"https:\/\/getloyaltytest.com\/es\/wp-json\/wp\/v2\/pages\/10","targetHints":{"allow":["GET"]}}],"collection":[{"href":"https:\/\/getloyaltytest.com\/es\/wp-json\/wp\/v2\/pages"}],"about":[{"href":"https:\/\/getloyaltytest.com\/es\/wp-json\/wp\/v2\/types\/page"}],"author":[{"embeddable":true,"href":"https:\/\/getloyaltytest.com\/es\/wp-json\/wp\/v2\/users\/1"}],"replies":[{"embeddable":true,"href":"https:\/\/getloyaltytest.com\/es\/wp-json\/wp\/v2\/comments?post=10"}],"version-history":[{"count":5,"href":"https:\/\/getloyaltytest.com\/es\/wp-json\/wp\/v2\/pages\/10\/revisions"}],"predecessor-version":[{"id":152,"href":"https:\/\/getloyaltytest.com\/es\/wp-json\/wp\/v2\/pages\/10\/revisions\/152"}],"wp:attachment":[{"href":"https:\/\/getloyaltytest.com\/es\/wp-json\/wp\/v2\/media?parent=10"}],"curies":[{"name":"wp","href":"https:\/\/api.w.org\/{rel}","templated":true}]}}