{"id":9,"date":"2023-06-03T10:01:31","date_gmt":"2023-06-03T13:01:31","guid":{"rendered":"https:\/\/getloyaltytest.com\/dk\/?page_id=9"},"modified":"2023-06-05T09:47:45","modified_gmt":"2023-06-05T12:47:45","slug":"vilkaar-for-brug-og-betingelser","status":"publish","type":"page","link":"https:\/\/getloyaltytest.com\/dk\/vilkaar-for-brug-og-betingelser\/","title":{"rendered":"Vilk\u00e5r for brug og betingelser"},"content":{"rendered":"\t\t<div data-elementor-type=\"wp-page\" data-elementor-id=\"9\" class=\"elementor elementor-9\">\n\t\t\t\t\t\t<section class=\"elementor-section elementor-top-section elementor-element elementor-element-5940c1f elementor-section-boxed elementor-section-height-default elementor-section-height-default\" data-id=\"5940c1f\" data-element_type=\"section\" data-e-type=\"section\">\n\t\t\t\t\t\t<div class=\"elementor-container elementor-column-gap-default\">\n\t\t\t\t\t<div class=\"elementor-column elementor-col-100 elementor-top-column elementor-element elementor-element-4e8bf56\" data-id=\"4e8bf56\" data-element_type=\"column\" data-e-type=\"column\">\n\t\t\t<div class=\"elementor-widget-wrap elementor-element-populated\">\n\t\t\t\t\t\t<div class=\"elementor-element elementor-element-d268e7f de_scroll_animation_no elementor-widget elementor-widget-text-editor\" data-id=\"d268e7f\" data-element_type=\"widget\" data-e-type=\"widget\" data-widget_type=\"text-editor.default\">\n\t\t\t\t<div class=\"elementor-widget-container\">\n\t\t\t\t\t\t\t\t\t<p>Brugen af hjemmesiden https:\/\/www.getloyaltytest.com indeb\u00e6rer fuld accept af de generelle brugsbetingelser beskrevet nedenfor. Disse brugsbetingelser kan til enhver tid \u00e6ndres eller suppleres, s\u00e5 brugere af https:\/\/www.getloyaltytest.com-webstedet opfordres til at konsultere dem regelm\u00e6ssigt.<\/p>\n<p>Denne hjemmeside er normalt tilg\u00e6ngelig for brugere til enhver tid. Afbrydelse p\u00e5 grund af teknisk vedligeholdelse kan dog blive besluttet af vores team, som vil fors\u00f8ge at kommunikere til brugerne inden dato og tidspunkt for indgrebet.<\/p>\n<p><strong>Hjemmesiden<\/strong><\/p>\n<p>https:\/\/www.getloyaltytest.com opdateres j\u00e6vnligt af vores team. Ligeledes kan juridiske meddelelser til enhver tid \u00e6ndres.<\/p>\n<p><strong>Beskrivelse af ydelser.<\/strong><\/p>\n<p>Loyalitetstest er designet til at bestemme, hvor trofast en k\u00e6reste, veninde, mand eller kone er. Efter bekr\u00e6ftelse af betalingen vil kunden (dig) kontakte os for at starte testen. En af vores skuespillerinder eller skuespillere vil kontakte din partner p\u00e5 sociale medier for at flirte med ham eller hende.<\/p>\n<p>Flirter kan udf\u00f8res gennem et af f\u00f8lgende sociale netv\u00e6rk: Instagram, Facebook, WhatsApp.<\/p>\n<p>Du vil v\u00e6re i kontakt med den skuespiller eller skuespillerinde, der er valgt til at opf\u00f8re forestillingen. Du vil modtage print af samtalerne opn\u00e5et med din respektive partner.<\/p>\n<p><strong>Betalingsmetoder.<\/strong><\/p>\n<p>Kreditkort gennem Stripe<\/p>\n<p><strong>Godtg\u00f8relse<\/strong><\/p>\n<p>Efter bekr\u00e6ftelse af betaling refunderer vi i tilf\u00e6lde af fortrydelse 50% af det betalte bel\u00f8b.<\/p>\t\t\t\t\t\t\t\t<\/div>\n\t\t\t\t<\/div>\n\t\t\t\t\t<\/div>\n\t\t<\/div>\n\t\t\t\t\t<\/div>\n\t\t<\/section>\n\t\t\t\t<\/div>\n\t\t","protected":false},"excerpt":{"rendered":"<p>Brugen af hjemmesiden https:\/\/www.getloyaltytest.com indeb\u00e6rer fuld accept af de generelle brugsbetingelser beskrevet nedenfor. Disse brugsbetingelser kan til enhver tid \u00e6ndres eller suppleres, s\u00e5 brugere af https:\/\/www.getloyaltytest.com-webstedet opfordres til at konsultere dem regelm\u00e6ssigt. Denne hjemmeside er normalt tilg\u00e6ngelig for brugere til enhver tid. Afbrydelse p\u00e5 grund af teknisk vedligeholdelse kan dog blive besluttet af vores team, [&hellip;]<\/p>\n","protected":false},"author":1,"featured_media":0,"parent":0,"menu_order":0,"comment_status":"closed","ping_status":"closed","template":"","meta":{"footnotes":""},"class_list":["post-9","page","type-page","status-publish","hentry"],"yoast_head":"<!-- This site is optimized with the Yoast SEO plugin v27.5 - https:\/\/yoast.com\/product\/yoast-seo-wordpress\/ -->\n<title>Vilk\u00e5r for brug og betingelser - Get Loyalty Test<\/title>\n<meta name=\"robots\" content=\"noindex, follow\" \/>\n<meta property=\"og:locale\" content=\"da_DK\" \/>\n<meta property=\"og:type\" content=\"article\" \/>\n<meta property=\"og:title\" content=\"Vilk\u00e5r for brug og betingelser - Get Loyalty Test\" \/>\n<meta property=\"og:description\" content=\"Brugen af hjemmesiden https:\/\/www.getloyaltytest.com indeb\u00e6rer fuld accept af de generelle brugsbetingelser beskrevet nedenfor. Disse brugsbetingelser kan til enhver tid \u00e6ndres eller suppleres, s\u00e5 brugere af https:\/\/www.getloyaltytest.com-webstedet opfordres til at konsultere dem regelm\u00e6ssigt. Denne hjemmeside er normalt tilg\u00e6ngelig for brugere til enhver tid. Afbrydelse p\u00e5 grund af teknisk vedligeholdelse kan dog blive besluttet af vores team, [&hellip;]\" \/>\n<meta property=\"og:url\" content=\"https:\/\/getloyaltytest.com\/dk\/vilkaar-for-brug-og-betingelser\/\" \/>\n<meta property=\"og:site_name\" content=\"Get Loyalty Test\" \/>\n<meta property=\"article:modified_time\" content=\"2023-06-05T12:47:45+00:00\" \/>\n<meta name=\"twitter:card\" content=\"summary_large_image\" \/>\n<meta name=\"twitter:label1\" content=\"Estimeret l\u00e6setid\" \/>\n\t<meta name=\"twitter:data1\" content=\"2 minutter\" \/>\n<script type=\"application\/ld+json\" class=\"yoast-schema-graph\">{\"@context\":\"https:\\\/\\\/schema.org\",\"@graph\":[{\"@type\":\"WebPage\",\"@id\":\"https:\\\/\\\/getloyaltytest.com\\\/dk\\\/vilkaar-for-brug-og-betingelser\\\/\",\"url\":\"https:\\\/\\\/getloyaltytest.com\\\/dk\\\/vilkaar-for-brug-og-betingelser\\\/\",\"name\":\"Vilk\u00e5r for brug og betingelser - Get Loyalty Test\",\"isPartOf\":{\"@id\":\"https:\\\/\\\/getloyaltytest.com\\\/dk\\\/#website\"},\"datePublished\":\"2023-06-03T13:01:31+00:00\",\"dateModified\":\"2023-06-05T12:47:45+00:00\",\"breadcrumb\":{\"@id\":\"https:\\\/\\\/getloyaltytest.com\\\/dk\\\/vilkaar-for-brug-og-betingelser\\\/#breadcrumb\"},\"inLanguage\":\"da-DK\",\"potentialAction\":[{\"@type\":\"ReadAction\",\"target\":[\"https:\\\/\\\/getloyaltytest.com\\\/dk\\\/vilkaar-for-brug-og-betingelser\\\/\"]}]},{\"@type\":\"BreadcrumbList\",\"@id\":\"https:\\\/\\\/getloyaltytest.com\\\/dk\\\/vilkaar-for-brug-og-betingelser\\\/#breadcrumb\",\"itemListElement\":[{\"@type\":\"ListItem\",\"position\":1,\"name\":\"In\u00edcio\",\"item\":\"https:\\\/\\\/getloyaltytest.com\\\/dk\\\/\"},{\"@type\":\"ListItem\",\"position\":2,\"name\":\"Vilk\u00e5r for brug og betingelser\"}]},{\"@type\":\"WebSite\",\"@id\":\"https:\\\/\\\/getloyaltytest.com\\\/dk\\\/#website\",\"url\":\"https:\\\/\\\/getloyaltytest.com\\\/dk\\\/\",\"name\":\"Get Loyalty Test\",\"description\":\"\",\"publisher\":{\"@id\":\"https:\\\/\\\/getloyaltytest.com\\\/dk\\\/#organization\"},\"potentialAction\":[{\"@type\":\"SearchAction\",\"target\":{\"@type\":\"EntryPoint\",\"urlTemplate\":\"https:\\\/\\\/getloyaltytest.com\\\/dk\\\/?s={search_term_string}\"},\"query-input\":{\"@type\":\"PropertyValueSpecification\",\"valueRequired\":true,\"valueName\":\"search_term_string\"}}],\"inLanguage\":\"da-DK\"},{\"@type\":\"Organization\",\"@id\":\"https:\\\/\\\/getloyaltytest.com\\\/dk\\\/#organization\",\"name\":\"Get Loyalty Test\",\"url\":\"https:\\\/\\\/getloyaltytest.com\\\/dk\\\/\",\"logo\":{\"@type\":\"ImageObject\",\"inLanguage\":\"da-DK\",\"@id\":\"https:\\\/\\\/getloyaltytest.com\\\/dk\\\/#\\\/schema\\\/logo\\\/image\\\/\",\"url\":\"https:\\\/\\\/getloyaltytest.com\\\/dk\\\/wp-content\\\/uploads\\\/sites\\\/6\\\/2023\\\/06\\\/get-loyalty-test-logo-seo.png\",\"contentUrl\":\"https:\\\/\\\/getloyaltytest.com\\\/dk\\\/wp-content\\\/uploads\\\/sites\\\/6\\\/2023\\\/06\\\/get-loyalty-test-logo-seo.png\",\"width\":760,\"height\":380,\"caption\":\"Get Loyalty Test\"},\"image\":{\"@id\":\"https:\\\/\\\/getloyaltytest.com\\\/dk\\\/#\\\/schema\\\/logo\\\/image\\\/\"},\"sameAs\":[\"https:\\\/\\\/www.instagram.com\\\/getloyaltytest\\\/\"]}]}<\/script>\n<!-- \/ Yoast SEO plugin. -->","yoast_head_json":{"title":"Vilk\u00e5r for brug og betingelser - Get Loyalty Test","robots":{"index":"noindex","follow":"follow"},"og_locale":"da_DK","og_type":"article","og_title":"Vilk\u00e5r for brug og betingelser - Get Loyalty Test","og_description":"Brugen af hjemmesiden https:\/\/www.getloyaltytest.com indeb\u00e6rer fuld accept af de generelle brugsbetingelser beskrevet nedenfor. Disse brugsbetingelser kan til enhver tid \u00e6ndres eller suppleres, s\u00e5 brugere af https:\/\/www.getloyaltytest.com-webstedet opfordres til at konsultere dem regelm\u00e6ssigt. Denne hjemmeside er normalt tilg\u00e6ngelig for brugere til enhver tid. Afbrydelse p\u00e5 grund af teknisk vedligeholdelse kan dog blive besluttet af vores team, [&hellip;]","og_url":"https:\/\/getloyaltytest.com\/dk\/vilkaar-for-brug-og-betingelser\/","og_site_name":"Get Loyalty Test","article_modified_time":"2023-06-05T12:47:45+00:00","twitter_card":"summary_large_image","twitter_misc":{"Estimeret l\u00e6setid":"2 minutter"},"schema":{"@context":"https:\/\/schema.org","@graph":[{"@type":"WebPage","@id":"https:\/\/getloyaltytest.com\/dk\/vilkaar-for-brug-og-betingelser\/","url":"https:\/\/getloyaltytest.com\/dk\/vilkaar-for-brug-og-betingelser\/","name":"Vilk\u00e5r for brug og betingelser - Get Loyalty Test","isPartOf":{"@id":"https:\/\/getloyaltytest.com\/dk\/#website"},"datePublished":"2023-06-03T13:01:31+00:00","dateModified":"2023-06-05T12:47:45+00:00","breadcrumb":{"@id":"https:\/\/getloyaltytest.com\/dk\/vilkaar-for-brug-og-betingelser\/#breadcrumb"},"inLanguage":"da-DK","potentialAction":[{"@type":"ReadAction","target":["https:\/\/getloyaltytest.com\/dk\/vilkaar-for-brug-og-betingelser\/"]}]},{"@type":"BreadcrumbList","@id":"https:\/\/getloyaltytest.com\/dk\/vilkaar-for-brug-og-betingelser\/#breadcrumb","itemListElement":[{"@type":"ListItem","position":1,"name":"In\u00edcio","item":"https:\/\/getloyaltytest.com\/dk\/"},{"@type":"ListItem","position":2,"name":"Vilk\u00e5r for brug og betingelser"}]},{"@type":"WebSite","@id":"https:\/\/getloyaltytest.com\/dk\/#website","url":"https:\/\/getloyaltytest.com\/dk\/","name":"Get Loyalty Test","description":"","publisher":{"@id":"https:\/\/getloyaltytest.com\/dk\/#organization"},"potentialAction":[{"@type":"SearchAction","target":{"@type":"EntryPoint","urlTemplate":"https:\/\/getloyaltytest.com\/dk\/?s={search_term_string}"},"query-input":{"@type":"PropertyValueSpecification","valueRequired":true,"valueName":"search_term_string"}}],"inLanguage":"da-DK"},{"@type":"Organization","@id":"https:\/\/getloyaltytest.com\/dk\/#organization","name":"Get Loyalty Test","url":"https:\/\/getloyaltytest.com\/dk\/","logo":{"@type":"ImageObject","inLanguage":"da-DK","@id":"https:\/\/getloyaltytest.com\/dk\/#\/schema\/logo\/image\/","url":"https:\/\/getloyaltytest.com\/dk\/wp-content\/uploads\/sites\/6\/2023\/06\/get-loyalty-test-logo-seo.png","contentUrl":"https:\/\/getloyaltytest.com\/dk\/wp-content\/uploads\/sites\/6\/2023\/06\/get-loyalty-test-logo-seo.png","width":760,"height":380,"caption":"Get Loyalty Test"},"image":{"@id":"https:\/\/getloyaltytest.com\/dk\/#\/schema\/logo\/image\/"},"sameAs":["https:\/\/www.instagram.com\/getloyaltytest\/"]}]}},"_links":{"self":[{"href":"https:\/\/getloyaltytest.com\/dk\/wp-json\/wp\/v2\/pages\/9","targetHints":{"allow":["GET"]}}],"collection":[{"href":"https:\/\/getloyaltytest.com\/dk\/wp-json\/wp\/v2\/pages"}],"about":[{"href":"https:\/\/getloyaltytest.com\/dk\/wp-json\/wp\/v2\/types\/page"}],"author":[{"embeddable":true,"href":"https:\/\/getloyaltytest.com\/dk\/wp-json\/wp\/v2\/users\/1"}],"replies":[{"embeddable":true,"href":"https:\/\/getloyaltytest.com\/dk\/wp-json\/wp\/v2\/comments?post=9"}],"version-history":[{"count":5,"href":"https:\/\/getloyaltytest.com\/dk\/wp-json\/wp\/v2\/pages\/9\/revisions"}],"predecessor-version":[{"id":118,"href":"https:\/\/getloyaltytest.com\/dk\/wp-json\/wp\/v2\/pages\/9\/revisions\/118"}],"wp:attachment":[{"href":"https:\/\/getloyaltytest.com\/dk\/wp-json\/wp\/v2\/media?parent=9"}],"curies":[{"name":"wp","href":"https:\/\/api.w.org\/{rel}","templated":true}]}}