{"id":120,"date":"2023-06-05T09:48:42","date_gmt":"2023-06-05T12:48:42","guid":{"rendered":"https:\/\/getloyaltytest.com\/dk\/?page_id=120"},"modified":"2023-06-05T09:50:10","modified_gmt":"2023-06-05T12:50:10","slug":"privatliv-og-cookies","status":"publish","type":"page","link":"https:\/\/getloyaltytest.com\/dk\/privatliv-og-cookies\/","title":{"rendered":"Privatliv og cookies"},"content":{"rendered":"\t\t<div data-elementor-type=\"wp-page\" data-elementor-id=\"120\" class=\"elementor elementor-120\">\n\t\t\t\t\t\t<section class=\"elementor-section elementor-top-section elementor-element elementor-element-c43a01b elementor-section-boxed elementor-section-height-default elementor-section-height-default\" data-id=\"c43a01b\" data-element_type=\"section\" data-e-type=\"section\">\n\t\t\t\t\t\t<div class=\"elementor-container elementor-column-gap-default\">\n\t\t\t\t\t<div class=\"elementor-column elementor-col-100 elementor-top-column elementor-element elementor-element-115aa69\" data-id=\"115aa69\" data-element_type=\"column\" data-e-type=\"column\">\n\t\t\t<div class=\"elementor-widget-wrap elementor-element-populated\">\n\t\t\t\t\t\t<div class=\"elementor-element elementor-element-dab3eb4 de_scroll_animation_no elementor-widget elementor-widget-text-editor\" data-id=\"dab3eb4\" data-element_type=\"widget\" data-e-type=\"widget\" data-widget_type=\"text-editor.default\">\n\t\t\t\t<div class=\"elementor-widget-container\">\n\t\t\t\t\t\t\t\t\t<p><strong>Fortrolighedspolitik<\/strong><\/p><p>Getloyaltytest behandler dine data fortroligt. Dine data er inkluderet i en fil, der ejes af Getloyaltytest. Kun hvis du godkender det, sender Getloyaltytest dig oplysninger vedr\u00f8rende dets tjenester. Du kan dog til enhver tid afmelde denne tjeneste nemt og gratis. Du kan ud\u00f8ve retten til adgang, berigtigelse eller annullering og indsigelse ved at sende en e-mail ved at bruge kontaktformularen<\/p><p><strong>Cookies<\/strong><\/p><p>Getloyaltytes kan bruge cookies p\u00e5 nogle portalsider, som er sm\u00e5 datafiler, der er genereret p\u00e5 brugerens computer, og som g\u00f8r det muligt for vores systemer at huske brugerens browserpr\u00e6ferencer. Disse cookies er ikke invasive, skadelige eller indeholder personlige data. Dine browseres manglende accept af disse cookies kan forhindre adgang til visse portaltjenester.<\/p><p><strong>Hvordan renser man browsercookies?<\/strong><\/p><p>Her er nogle grundl\u00e6ggende instruktioner om, hvordan du rydder cookies i din browser<\/p><p>Firefox:<br \/>G\u00e5 til Historik -&gt; Ryd seneste historik. V\u00e6lg Detaljer, og fjern markeringen af alle muligheder undtagen cookies. Angiv tidsintervallet, og klik p\u00e5 Slet nu.<\/p><p>Chrom<br \/>G\u00e5 til Chrome og g\u00e5 til Indstillinger -&gt; Avanceret -&gt; Ryd browserdata. V\u00e6lg kun cookies og andre data fra websteder og tilf\u00f8jelser, v\u00e6lg den periode, du vil slette dem for, og klik p\u00e5 Ryd browserdata.<\/p><p>Safari<br \/>Klik p\u00e5 Safari -&gt; Indstillinger -&gt; Privatliv -&gt; Administrer webstedsdata -&gt; Slet alle, og bekr\u00e6ft.<\/p><p>Opera:<br \/>Klik p\u00e5 Indstillinger -&gt; Slet private data -&gt; V\u00e6lg de to felter Slet midlertidige cookies og Slet alle cookies, og klik derefter p\u00e5 Slet.<\/p><p>Microsoft Edge:<br \/>V\u00e6lg de tre vandrette linjer (Hub-ikon) i det \u00f8verste h\u00f8jre hj\u00f8rne af browseren -&gt; klik p\u00e5 Historik -&gt; Ryd al historik -&gt; v\u00e6lg Cookies og data fra websteder og gemte filer og cachelagrede data, og klik p\u00e5 slet.<\/p><p>Internet Explorer 9, 10 og 11:<br \/>V\u00e6lg V\u00e6rkt\u00f8jer (i tandhjulsikonet) -&gt; Sikkerhed -&gt; Slet browserhistorik -&gt; s\u00f8rg for at fjerne markeringen af Behold bogm\u00e6rker og marker begge muligheder for midlertidige internetfiler og cookies, og klik p\u00e5 Slet.<\/p>\t\t\t\t\t\t\t\t<\/div>\n\t\t\t\t<\/div>\n\t\t\t\t\t<\/div>\n\t\t<\/div>\n\t\t\t\t\t<\/div>\n\t\t<\/section>\n\t\t\t\t<\/div>\n\t\t","protected":false},"excerpt":{"rendered":"<p>Fortrolighedspolitik Getloyaltytest behandler dine data fortroligt. Dine data er inkluderet i en fil, der ejes af Getloyaltytest. Kun hvis du godkender det, sender Getloyaltytest dig oplysninger vedr\u00f8rende dets tjenester. Du kan dog til enhver tid afmelde denne tjeneste nemt og gratis. Du kan ud\u00f8ve retten til adgang, berigtigelse eller annullering og indsigelse ved at sende [&hellip;]<\/p>\n","protected":false},"author":1,"featured_media":0,"parent":0,"menu_order":0,"comment_status":"closed","ping_status":"closed","template":"","meta":{"footnotes":""},"class_list":["post-120","page","type-page","status-publish","hentry"],"yoast_head":"<!-- This site is optimized with the Yoast SEO plugin v27.5 - https:\/\/yoast.com\/product\/yoast-seo-wordpress\/ -->\n<title>Privatliv og cookies - Get Loyalty Test<\/title>\n<meta name=\"robots\" content=\"noindex, follow\" \/>\n<meta property=\"og:locale\" content=\"da_DK\" \/>\n<meta property=\"og:type\" content=\"article\" \/>\n<meta property=\"og:title\" content=\"Privatliv og cookies - Get Loyalty Test\" \/>\n<meta property=\"og:description\" content=\"Fortrolighedspolitik Getloyaltytest behandler dine data fortroligt. Dine data er inkluderet i en fil, der ejes af Getloyaltytest. Kun hvis du godkender det, sender Getloyaltytest dig oplysninger vedr\u00f8rende dets tjenester. Du kan dog til enhver tid afmelde denne tjeneste nemt og gratis. Du kan ud\u00f8ve retten til adgang, berigtigelse eller annullering og indsigelse ved at sende [&hellip;]\" \/>\n<meta property=\"og:url\" content=\"https:\/\/getloyaltytest.com\/dk\/privatliv-og-cookies\/\" \/>\n<meta property=\"og:site_name\" content=\"Get Loyalty Test\" \/>\n<meta property=\"article:modified_time\" content=\"2023-06-05T12:50:10+00:00\" \/>\n<meta name=\"twitter:card\" content=\"summary_large_image\" \/>\n<meta name=\"twitter:label1\" content=\"Estimeret l\u00e6setid\" \/>\n\t<meta name=\"twitter:data1\" content=\"2 minutter\" \/>\n<script type=\"application\/ld+json\" class=\"yoast-schema-graph\">{\"@context\":\"https:\\\/\\\/schema.org\",\"@graph\":[{\"@type\":\"WebPage\",\"@id\":\"https:\\\/\\\/getloyaltytest.com\\\/dk\\\/privatliv-og-cookies\\\/\",\"url\":\"https:\\\/\\\/getloyaltytest.com\\\/dk\\\/privatliv-og-cookies\\\/\",\"name\":\"Privatliv og cookies - Get Loyalty Test\",\"isPartOf\":{\"@id\":\"https:\\\/\\\/getloyaltytest.com\\\/dk\\\/#website\"},\"datePublished\":\"2023-06-05T12:48:42+00:00\",\"dateModified\":\"2023-06-05T12:50:10+00:00\",\"breadcrumb\":{\"@id\":\"https:\\\/\\\/getloyaltytest.com\\\/dk\\\/privatliv-og-cookies\\\/#breadcrumb\"},\"inLanguage\":\"da-DK\",\"potentialAction\":[{\"@type\":\"ReadAction\",\"target\":[\"https:\\\/\\\/getloyaltytest.com\\\/dk\\\/privatliv-og-cookies\\\/\"]}]},{\"@type\":\"BreadcrumbList\",\"@id\":\"https:\\\/\\\/getloyaltytest.com\\\/dk\\\/privatliv-og-cookies\\\/#breadcrumb\",\"itemListElement\":[{\"@type\":\"ListItem\",\"position\":1,\"name\":\"In\u00edcio\",\"item\":\"https:\\\/\\\/getloyaltytest.com\\\/dk\\\/\"},{\"@type\":\"ListItem\",\"position\":2,\"name\":\"Privatliv og cookies\"}]},{\"@type\":\"WebSite\",\"@id\":\"https:\\\/\\\/getloyaltytest.com\\\/dk\\\/#website\",\"url\":\"https:\\\/\\\/getloyaltytest.com\\\/dk\\\/\",\"name\":\"Get Loyalty Test\",\"description\":\"\",\"publisher\":{\"@id\":\"https:\\\/\\\/getloyaltytest.com\\\/dk\\\/#organization\"},\"potentialAction\":[{\"@type\":\"SearchAction\",\"target\":{\"@type\":\"EntryPoint\",\"urlTemplate\":\"https:\\\/\\\/getloyaltytest.com\\\/dk\\\/?s={search_term_string}\"},\"query-input\":{\"@type\":\"PropertyValueSpecification\",\"valueRequired\":true,\"valueName\":\"search_term_string\"}}],\"inLanguage\":\"da-DK\"},{\"@type\":\"Organization\",\"@id\":\"https:\\\/\\\/getloyaltytest.com\\\/dk\\\/#organization\",\"name\":\"Get Loyalty Test\",\"url\":\"https:\\\/\\\/getloyaltytest.com\\\/dk\\\/\",\"logo\":{\"@type\":\"ImageObject\",\"inLanguage\":\"da-DK\",\"@id\":\"https:\\\/\\\/getloyaltytest.com\\\/dk\\\/#\\\/schema\\\/logo\\\/image\\\/\",\"url\":\"https:\\\/\\\/getloyaltytest.com\\\/dk\\\/wp-content\\\/uploads\\\/sites\\\/6\\\/2023\\\/06\\\/get-loyalty-test-logo-seo.png\",\"contentUrl\":\"https:\\\/\\\/getloyaltytest.com\\\/dk\\\/wp-content\\\/uploads\\\/sites\\\/6\\\/2023\\\/06\\\/get-loyalty-test-logo-seo.png\",\"width\":760,\"height\":380,\"caption\":\"Get Loyalty Test\"},\"image\":{\"@id\":\"https:\\\/\\\/getloyaltytest.com\\\/dk\\\/#\\\/schema\\\/logo\\\/image\\\/\"},\"sameAs\":[\"https:\\\/\\\/www.instagram.com\\\/getloyaltytest\\\/\"]}]}<\/script>\n<!-- \/ Yoast SEO plugin. -->","yoast_head_json":{"title":"Privatliv og cookies - Get Loyalty Test","robots":{"index":"noindex","follow":"follow"},"og_locale":"da_DK","og_type":"article","og_title":"Privatliv og cookies - Get Loyalty Test","og_description":"Fortrolighedspolitik Getloyaltytest behandler dine data fortroligt. Dine data er inkluderet i en fil, der ejes af Getloyaltytest. Kun hvis du godkender det, sender Getloyaltytest dig oplysninger vedr\u00f8rende dets tjenester. Du kan dog til enhver tid afmelde denne tjeneste nemt og gratis. Du kan ud\u00f8ve retten til adgang, berigtigelse eller annullering og indsigelse ved at sende [&hellip;]","og_url":"https:\/\/getloyaltytest.com\/dk\/privatliv-og-cookies\/","og_site_name":"Get Loyalty Test","article_modified_time":"2023-06-05T12:50:10+00:00","twitter_card":"summary_large_image","twitter_misc":{"Estimeret l\u00e6setid":"2 minutter"},"schema":{"@context":"https:\/\/schema.org","@graph":[{"@type":"WebPage","@id":"https:\/\/getloyaltytest.com\/dk\/privatliv-og-cookies\/","url":"https:\/\/getloyaltytest.com\/dk\/privatliv-og-cookies\/","name":"Privatliv og cookies - Get Loyalty Test","isPartOf":{"@id":"https:\/\/getloyaltytest.com\/dk\/#website"},"datePublished":"2023-06-05T12:48:42+00:00","dateModified":"2023-06-05T12:50:10+00:00","breadcrumb":{"@id":"https:\/\/getloyaltytest.com\/dk\/privatliv-og-cookies\/#breadcrumb"},"inLanguage":"da-DK","potentialAction":[{"@type":"ReadAction","target":["https:\/\/getloyaltytest.com\/dk\/privatliv-og-cookies\/"]}]},{"@type":"BreadcrumbList","@id":"https:\/\/getloyaltytest.com\/dk\/privatliv-og-cookies\/#breadcrumb","itemListElement":[{"@type":"ListItem","position":1,"name":"In\u00edcio","item":"https:\/\/getloyaltytest.com\/dk\/"},{"@type":"ListItem","position":2,"name":"Privatliv og cookies"}]},{"@type":"WebSite","@id":"https:\/\/getloyaltytest.com\/dk\/#website","url":"https:\/\/getloyaltytest.com\/dk\/","name":"Get Loyalty Test","description":"","publisher":{"@id":"https:\/\/getloyaltytest.com\/dk\/#organization"},"potentialAction":[{"@type":"SearchAction","target":{"@type":"EntryPoint","urlTemplate":"https:\/\/getloyaltytest.com\/dk\/?s={search_term_string}"},"query-input":{"@type":"PropertyValueSpecification","valueRequired":true,"valueName":"search_term_string"}}],"inLanguage":"da-DK"},{"@type":"Organization","@id":"https:\/\/getloyaltytest.com\/dk\/#organization","name":"Get Loyalty Test","url":"https:\/\/getloyaltytest.com\/dk\/","logo":{"@type":"ImageObject","inLanguage":"da-DK","@id":"https:\/\/getloyaltytest.com\/dk\/#\/schema\/logo\/image\/","url":"https:\/\/getloyaltytest.com\/dk\/wp-content\/uploads\/sites\/6\/2023\/06\/get-loyalty-test-logo-seo.png","contentUrl":"https:\/\/getloyaltytest.com\/dk\/wp-content\/uploads\/sites\/6\/2023\/06\/get-loyalty-test-logo-seo.png","width":760,"height":380,"caption":"Get Loyalty Test"},"image":{"@id":"https:\/\/getloyaltytest.com\/dk\/#\/schema\/logo\/image\/"},"sameAs":["https:\/\/www.instagram.com\/getloyaltytest\/"]}]}},"_links":{"self":[{"href":"https:\/\/getloyaltytest.com\/dk\/wp-json\/wp\/v2\/pages\/120","targetHints":{"allow":["GET"]}}],"collection":[{"href":"https:\/\/getloyaltytest.com\/dk\/wp-json\/wp\/v2\/pages"}],"about":[{"href":"https:\/\/getloyaltytest.com\/dk\/wp-json\/wp\/v2\/types\/page"}],"author":[{"embeddable":true,"href":"https:\/\/getloyaltytest.com\/dk\/wp-json\/wp\/v2\/users\/1"}],"replies":[{"embeddable":true,"href":"https:\/\/getloyaltytest.com\/dk\/wp-json\/wp\/v2\/comments?post=120"}],"version-history":[{"count":4,"href":"https:\/\/getloyaltytest.com\/dk\/wp-json\/wp\/v2\/pages\/120\/revisions"}],"predecessor-version":[{"id":124,"href":"https:\/\/getloyaltytest.com\/dk\/wp-json\/wp\/v2\/pages\/120\/revisions\/124"}],"wp:attachment":[{"href":"https:\/\/getloyaltytest.com\/dk\/wp-json\/wp\/v2\/media?parent=120"}],"curies":[{"name":"wp","href":"https:\/\/api.w.org\/{rel}","templated":true}]}}