{"id":9,"date":"2023-06-02T09:21:30","date_gmt":"2023-06-02T12:21:30","guid":{"rendered":"https:\/\/getloyaltytest.com\/de\/?page_id=9"},"modified":"2023-06-04T19:24:33","modified_gmt":"2023-06-04T22:24:33","slug":"nutzungsbedingungen-und-konditionen","status":"publish","type":"page","link":"https:\/\/getloyaltytest.com\/de\/nutzungsbedingungen-und-konditionen\/","title":{"rendered":"Nutzungsbedingungen und Konditionen"},"content":{"rendered":"\t\t<div data-elementor-type=\"wp-page\" data-elementor-id=\"9\" class=\"elementor elementor-9\">\n\t\t\t\t\t\t<section class=\"elementor-section elementor-top-section elementor-element elementor-element-b703745 elementor-section-boxed elementor-section-height-default elementor-section-height-default\" data-id=\"b703745\" data-element_type=\"section\" data-e-type=\"section\">\n\t\t\t\t\t\t<div class=\"elementor-container elementor-column-gap-default\">\n\t\t\t\t\t<div class=\"elementor-column elementor-col-100 elementor-top-column elementor-element elementor-element-053b3ce\" data-id=\"053b3ce\" data-element_type=\"column\" data-e-type=\"column\">\n\t\t\t<div class=\"elementor-widget-wrap elementor-element-populated\">\n\t\t\t\t\t\t<div class=\"elementor-element elementor-element-1d07ce6 de_scroll_animation_no elementor-widget elementor-widget-text-editor\" data-id=\"1d07ce6\" data-element_type=\"widget\" data-e-type=\"widget\" data-widget_type=\"text-editor.default\">\n\t\t\t\t<div class=\"elementor-widget-container\">\n\t\t\t\t\t\t\t\t\t<p>Die Nutzung der Website https:\/\/www.getloyaltytest.com setzt die uneingeschr\u00e4nkte Akzeptanz der nachstehend beschriebenen allgemeinen Nutzungsbedingungen voraus. Diese Nutzungsbedingungen k\u00f6nnen jederzeit ge\u00e4ndert oder erg\u00e4nzt werden, daher werden Benutzer der Website https:\/\/www.getloyaltytest.com gebeten, sie regelm\u00e4\u00dfig zu konsultieren.<\/p>\n<p>Diese Website ist f\u00fcr Benutzer grunds\u00e4tzlich jederzeit zug\u00e4nglich. \u00dcber eine Unterbrechung aufgrund technischer Wartungsarbeiten kann jedoch unser Team entscheiden, das versucht, den Benutzern vor den Daten und Zeiten des Eingriffs mitzuteilen.<\/p>\n<p>Die Website https:\/\/www.getloyaltytest.com wird regelm\u00e4\u00dfig von unserem Team aktualisiert. Ebenso k\u00f6nnen sich die rechtlichen Hinweise jederzeit \u00e4ndern.<\/p>\n<p><strong>Beschreibung der erbrachten Leistungen.<\/strong><\/p>\n<p>Der Loyalit\u00e4tstest dient dazu, festzustellen, wie treu ein Freund, eine Freundin, ein Ehemann oder eine Ehefrau ist. Nach Best\u00e4tigung der Zahlung nimmt der Kunde (Sie) Kontakt mit uns auf, um den Test zu starten. Eine unserer Schauspielerinnen oder Schauspieler wird Ihren Partner \u00fcber die sozialen Medien kontaktieren, um mit ihm oder ihr zu flirten.<\/p>\n<p>Flirts k\u00f6nnen \u00fcber eines der folgenden sozialen Netzwerke durchgef\u00fchrt werden: Instagram, Facebook, WhatsApp.<\/p>\n<p>Sie werden mit dem Schauspieler oder der Schauspielerin in Kontakt treten, die f\u00fcr die Auff\u00fchrung ausgew\u00e4hlt wurden. Sie erhalten Ausdrucke der gef\u00fchrten Gespr\u00e4che mit Ihrem jeweiligen Partner.<\/p>\n<p><strong>Zahlungsarten.<\/strong><\/p>\n<p>Kreditkarte \u00fcber Stripe<\/p>\n<p><strong>R\u00fcckzug.<\/strong><\/p>\n<p>Nach Best\u00e4tigung der Zahlung erstatten wir im Falle eines R\u00fccktritts 50 % des gezahlten Betrags.<\/p>\t\t\t\t\t\t\t\t<\/div>\n\t\t\t\t<\/div>\n\t\t\t\t\t<\/div>\n\t\t<\/div>\n\t\t\t\t\t<\/div>\n\t\t<\/section>\n\t\t\t\t<\/div>\n\t\t","protected":false},"excerpt":{"rendered":"<p>Die Nutzung der Website https:\/\/www.getloyaltytest.com setzt die uneingeschr\u00e4nkte Akzeptanz der nachstehend beschriebenen allgemeinen Nutzungsbedingungen voraus. Diese Nutzungsbedingungen k\u00f6nnen jederzeit ge\u00e4ndert oder erg\u00e4nzt werden, daher werden Benutzer der Website https:\/\/www.getloyaltytest.com gebeten, sie regelm\u00e4\u00dfig zu konsultieren. Diese Website ist f\u00fcr Benutzer grunds\u00e4tzlich jederzeit zug\u00e4nglich. \u00dcber eine Unterbrechung aufgrund technischer Wartungsarbeiten kann jedoch unser Team entscheiden, das versucht, [&hellip;]<\/p>\n","protected":false},"author":1,"featured_media":0,"parent":0,"menu_order":0,"comment_status":"closed","ping_status":"closed","template":"","meta":{"footnotes":""},"class_list":["post-9","page","type-page","status-publish","hentry"],"yoast_head":"<!-- This site is optimized with the Yoast SEO plugin v27.4 - https:\/\/yoast.com\/product\/yoast-seo-wordpress\/ -->\n<title>Nutzungsbedingungen und Konditionen - Get Loyalty Test<\/title>\n<meta name=\"robots\" content=\"noindex, follow\" \/>\n<meta property=\"og:locale\" content=\"de_DE\" \/>\n<meta property=\"og:type\" content=\"article\" \/>\n<meta property=\"og:title\" content=\"Nutzungsbedingungen und Konditionen - Get Loyalty Test\" \/>\n<meta property=\"og:description\" content=\"Die Nutzung der Website https:\/\/www.getloyaltytest.com setzt die uneingeschr\u00e4nkte Akzeptanz der nachstehend beschriebenen allgemeinen Nutzungsbedingungen voraus. Diese Nutzungsbedingungen k\u00f6nnen jederzeit ge\u00e4ndert oder erg\u00e4nzt werden, daher werden Benutzer der Website https:\/\/www.getloyaltytest.com gebeten, sie regelm\u00e4\u00dfig zu konsultieren. Diese Website ist f\u00fcr Benutzer grunds\u00e4tzlich jederzeit zug\u00e4nglich. \u00dcber eine Unterbrechung aufgrund technischer Wartungsarbeiten kann jedoch unser Team entscheiden, das versucht, [&hellip;]\" \/>\n<meta property=\"og:url\" content=\"https:\/\/getloyaltytest.com\/de\/nutzungsbedingungen-und-konditionen\/\" \/>\n<meta property=\"og:site_name\" content=\"Get Loyalty Test\" \/>\n<meta property=\"article:modified_time\" content=\"2023-06-04T22:24:33+00:00\" \/>\n<meta name=\"twitter:card\" content=\"summary_large_image\" \/>\n<meta name=\"twitter:label1\" content=\"Gesch\u00e4tzte Lesezeit\" \/>\n\t<meta name=\"twitter:data1\" content=\"2\u00a0Minuten\" \/>\n<script type=\"application\/ld+json\" class=\"yoast-schema-graph\">{\"@context\":\"https:\\\/\\\/schema.org\",\"@graph\":[{\"@type\":\"WebPage\",\"@id\":\"https:\\\/\\\/getloyaltytest.com\\\/de\\\/nutzungsbedingungen-und-konditionen\\\/\",\"url\":\"https:\\\/\\\/getloyaltytest.com\\\/de\\\/nutzungsbedingungen-und-konditionen\\\/\",\"name\":\"Nutzungsbedingungen und Konditionen - Get Loyalty Test\",\"isPartOf\":{\"@id\":\"https:\\\/\\\/getloyaltytest.com\\\/de\\\/#website\"},\"datePublished\":\"2023-06-02T12:21:30+00:00\",\"dateModified\":\"2023-06-04T22:24:33+00:00\",\"breadcrumb\":{\"@id\":\"https:\\\/\\\/getloyaltytest.com\\\/de\\\/nutzungsbedingungen-und-konditionen\\\/#breadcrumb\"},\"inLanguage\":\"de\",\"potentialAction\":[{\"@type\":\"ReadAction\",\"target\":[\"https:\\\/\\\/getloyaltytest.com\\\/de\\\/nutzungsbedingungen-und-konditionen\\\/\"]}]},{\"@type\":\"BreadcrumbList\",\"@id\":\"https:\\\/\\\/getloyaltytest.com\\\/de\\\/nutzungsbedingungen-und-konditionen\\\/#breadcrumb\",\"itemListElement\":[{\"@type\":\"ListItem\",\"position\":1,\"name\":\"In\u00edcio\",\"item\":\"https:\\\/\\\/getloyaltytest.com\\\/de\\\/\"},{\"@type\":\"ListItem\",\"position\":2,\"name\":\"Nutzungsbedingungen und Konditionen\"}]},{\"@type\":\"WebSite\",\"@id\":\"https:\\\/\\\/getloyaltytest.com\\\/de\\\/#website\",\"url\":\"https:\\\/\\\/getloyaltytest.com\\\/de\\\/\",\"name\":\"Get Loyalty Test\",\"description\":\"\",\"publisher\":{\"@id\":\"https:\\\/\\\/getloyaltytest.com\\\/de\\\/#organization\"},\"potentialAction\":[{\"@type\":\"SearchAction\",\"target\":{\"@type\":\"EntryPoint\",\"urlTemplate\":\"https:\\\/\\\/getloyaltytest.com\\\/de\\\/?s={search_term_string}\"},\"query-input\":{\"@type\":\"PropertyValueSpecification\",\"valueRequired\":true,\"valueName\":\"search_term_string\"}}],\"inLanguage\":\"de\"},{\"@type\":\"Organization\",\"@id\":\"https:\\\/\\\/getloyaltytest.com\\\/de\\\/#organization\",\"name\":\"Get Loyalty Test\",\"url\":\"https:\\\/\\\/getloyaltytest.com\\\/de\\\/\",\"logo\":{\"@type\":\"ImageObject\",\"inLanguage\":\"de\",\"@id\":\"https:\\\/\\\/getloyaltytest.com\\\/de\\\/#\\\/schema\\\/logo\\\/image\\\/\",\"url\":\"https:\\\/\\\/getloyaltytest.com\\\/de\\\/wp-content\\\/uploads\\\/sites\\\/4\\\/2023\\\/06\\\/get-loyalty-test-logo-seo.png\",\"contentUrl\":\"https:\\\/\\\/getloyaltytest.com\\\/de\\\/wp-content\\\/uploads\\\/sites\\\/4\\\/2023\\\/06\\\/get-loyalty-test-logo-seo.png\",\"width\":760,\"height\":380,\"caption\":\"Get Loyalty Test\"},\"image\":{\"@id\":\"https:\\\/\\\/getloyaltytest.com\\\/de\\\/#\\\/schema\\\/logo\\\/image\\\/\"},\"sameAs\":[\"https:\\\/\\\/www.instagram.com\\\/getloyaltytest\\\/\"]}]}<\/script>\n<!-- \/ Yoast SEO plugin. -->","yoast_head_json":{"title":"Nutzungsbedingungen und Konditionen - Get Loyalty Test","robots":{"index":"noindex","follow":"follow"},"og_locale":"de_DE","og_type":"article","og_title":"Nutzungsbedingungen und Konditionen - Get Loyalty Test","og_description":"Die Nutzung der Website https:\/\/www.getloyaltytest.com setzt die uneingeschr\u00e4nkte Akzeptanz der nachstehend beschriebenen allgemeinen Nutzungsbedingungen voraus. Diese Nutzungsbedingungen k\u00f6nnen jederzeit ge\u00e4ndert oder erg\u00e4nzt werden, daher werden Benutzer der Website https:\/\/www.getloyaltytest.com gebeten, sie regelm\u00e4\u00dfig zu konsultieren. Diese Website ist f\u00fcr Benutzer grunds\u00e4tzlich jederzeit zug\u00e4nglich. \u00dcber eine Unterbrechung aufgrund technischer Wartungsarbeiten kann jedoch unser Team entscheiden, das versucht, [&hellip;]","og_url":"https:\/\/getloyaltytest.com\/de\/nutzungsbedingungen-und-konditionen\/","og_site_name":"Get Loyalty Test","article_modified_time":"2023-06-04T22:24:33+00:00","twitter_card":"summary_large_image","twitter_misc":{"Gesch\u00e4tzte Lesezeit":"2\u00a0Minuten"},"schema":{"@context":"https:\/\/schema.org","@graph":[{"@type":"WebPage","@id":"https:\/\/getloyaltytest.com\/de\/nutzungsbedingungen-und-konditionen\/","url":"https:\/\/getloyaltytest.com\/de\/nutzungsbedingungen-und-konditionen\/","name":"Nutzungsbedingungen und Konditionen - Get Loyalty Test","isPartOf":{"@id":"https:\/\/getloyaltytest.com\/de\/#website"},"datePublished":"2023-06-02T12:21:30+00:00","dateModified":"2023-06-04T22:24:33+00:00","breadcrumb":{"@id":"https:\/\/getloyaltytest.com\/de\/nutzungsbedingungen-und-konditionen\/#breadcrumb"},"inLanguage":"de","potentialAction":[{"@type":"ReadAction","target":["https:\/\/getloyaltytest.com\/de\/nutzungsbedingungen-und-konditionen\/"]}]},{"@type":"BreadcrumbList","@id":"https:\/\/getloyaltytest.com\/de\/nutzungsbedingungen-und-konditionen\/#breadcrumb","itemListElement":[{"@type":"ListItem","position":1,"name":"In\u00edcio","item":"https:\/\/getloyaltytest.com\/de\/"},{"@type":"ListItem","position":2,"name":"Nutzungsbedingungen und Konditionen"}]},{"@type":"WebSite","@id":"https:\/\/getloyaltytest.com\/de\/#website","url":"https:\/\/getloyaltytest.com\/de\/","name":"Get Loyalty Test","description":"","publisher":{"@id":"https:\/\/getloyaltytest.com\/de\/#organization"},"potentialAction":[{"@type":"SearchAction","target":{"@type":"EntryPoint","urlTemplate":"https:\/\/getloyaltytest.com\/de\/?s={search_term_string}"},"query-input":{"@type":"PropertyValueSpecification","valueRequired":true,"valueName":"search_term_string"}}],"inLanguage":"de"},{"@type":"Organization","@id":"https:\/\/getloyaltytest.com\/de\/#organization","name":"Get Loyalty Test","url":"https:\/\/getloyaltytest.com\/de\/","logo":{"@type":"ImageObject","inLanguage":"de","@id":"https:\/\/getloyaltytest.com\/de\/#\/schema\/logo\/image\/","url":"https:\/\/getloyaltytest.com\/de\/wp-content\/uploads\/sites\/4\/2023\/06\/get-loyalty-test-logo-seo.png","contentUrl":"https:\/\/getloyaltytest.com\/de\/wp-content\/uploads\/sites\/4\/2023\/06\/get-loyalty-test-logo-seo.png","width":760,"height":380,"caption":"Get Loyalty Test"},"image":{"@id":"https:\/\/getloyaltytest.com\/de\/#\/schema\/logo\/image\/"},"sameAs":["https:\/\/www.instagram.com\/getloyaltytest\/"]}]}},"_links":{"self":[{"href":"https:\/\/getloyaltytest.com\/de\/wp-json\/wp\/v2\/pages\/9","targetHints":{"allow":["GET"]}}],"collection":[{"href":"https:\/\/getloyaltytest.com\/de\/wp-json\/wp\/v2\/pages"}],"about":[{"href":"https:\/\/getloyaltytest.com\/de\/wp-json\/wp\/v2\/types\/page"}],"author":[{"embeddable":true,"href":"https:\/\/getloyaltytest.com\/de\/wp-json\/wp\/v2\/users\/1"}],"replies":[{"embeddable":true,"href":"https:\/\/getloyaltytest.com\/de\/wp-json\/wp\/v2\/comments?post=9"}],"version-history":[{"count":4,"href":"https:\/\/getloyaltytest.com\/de\/wp-json\/wp\/v2\/pages\/9\/revisions"}],"predecessor-version":[{"id":114,"href":"https:\/\/getloyaltytest.com\/de\/wp-json\/wp\/v2\/pages\/9\/revisions\/114"}],"wp:attachment":[{"href":"https:\/\/getloyaltytest.com\/de\/wp-json\/wp\/v2\/media?parent=9"}],"curies":[{"name":"wp","href":"https:\/\/api.w.org\/{rel}","templated":true}]}}