{"id":115,"date":"2023-06-04T19:25:09","date_gmt":"2023-06-04T22:25:09","guid":{"rendered":"https:\/\/getloyaltytest.com\/de\/?page_id=115"},"modified":"2023-06-04T19:27:19","modified_gmt":"2023-06-04T22:27:19","slug":"datenschutzrichtlinie-und-cookies","status":"publish","type":"page","link":"https:\/\/getloyaltytest.com\/de\/datenschutzrichtlinie-und-cookies\/","title":{"rendered":"Datenschutzrichtlinie und Cookies"},"content":{"rendered":"\t\t<div data-elementor-type=\"wp-page\" data-elementor-id=\"115\" class=\"elementor elementor-115\">\n\t\t\t\t\t\t<section class=\"elementor-section elementor-top-section elementor-element elementor-element-bc6cefc elementor-section-boxed elementor-section-height-default elementor-section-height-default\" data-id=\"bc6cefc\" data-element_type=\"section\" data-e-type=\"section\">\n\t\t\t\t\t\t<div class=\"elementor-container elementor-column-gap-default\">\n\t\t\t\t\t<div class=\"elementor-column elementor-col-100 elementor-top-column elementor-element elementor-element-2c8d6b3\" data-id=\"2c8d6b3\" data-element_type=\"column\" data-e-type=\"column\">\n\t\t\t<div class=\"elementor-widget-wrap elementor-element-populated\">\n\t\t\t\t\t\t<div class=\"elementor-element elementor-element-66c1ae0 de_scroll_animation_no elementor-widget elementor-widget-text-editor\" data-id=\"66c1ae0\" data-element_type=\"widget\" data-e-type=\"widget\" data-widget_type=\"text-editor.default\">\n\t\t\t\t<div class=\"elementor-widget-container\">\n\t\t\t\t\t\t\t\t\t<p><strong>Datenschutz-Bestimmungen<\/strong><\/p><p>Getloyaltytest behandelt Ihre Daten vertraulich. Ihre Daten werden in einer Datei gespeichert, die Eigentum von Getloyaltytest ist. Getloyaltytest sendet Ihnen nur mit Ihrer Genehmigung Informationen zu seinen Dienstleistungen zu. Sie k\u00f6nnen diesen Service jedoch jederzeit einfach und kostenlos abbestellen. Sie k\u00f6nnen Ihr Recht auf Zugang, Berichtigung oder L\u00f6schung sowie Widerspruch aus\u00fcben, indem Sie eine E-Mail \u00fcber das Kontaktformular senden<\/p><p><strong>Cookies<\/strong><\/p><p>Getloyaltytes kann auf einigen Portalseiten Cookies verwenden. Hierbei handelt es sich um kleine Datendateien, die auf dem Computer des Benutzers generiert werden und es unseren Systemen erm\u00f6glichen, sich an die Browsereinstellungen des Benutzers zu erinnern. Diese Cookies sind nicht invasiv, sch\u00e4dlich und enthalten keine personenbezogenen Daten. Die Nichtannahme dieser Cookies durch Ihren Browser kann den Zugriff auf bestimmte Portaldienste verhindern.<\/p><p><strong>Wie bereinige ich Browser-Cookies?<\/strong><\/p><p>Hier finden Sie einige grundlegende Anweisungen zum L\u00f6schen von Cookies in Ihrem Browser<\/p><p>Feuerfuchs:<br \/>Gehen Sie zu Verlauf -&gt; Aktuellen Verlauf l\u00f6schen. W\u00e4hlen Sie \u201eDetails\u201c und deaktivieren Sie alle Optionen au\u00dfer Cookies. Geben Sie das Zeitintervall an und klicken Sie auf Jetzt l\u00f6schen.<\/p><p>Chrom<br \/>Gehen Sie zu Chrome und gehen Sie zu Einstellungen -&gt; Erweitert -&gt; Browserdaten l\u00f6schen. W\u00e4hlen Sie nur Cookies und andere Daten von Websites und Add-ons aus, w\u00e4hlen Sie den Zeitraum aus, f\u00fcr den Sie sie l\u00f6schen m\u00f6chten, und klicken Sie auf Browserdaten l\u00f6schen.<\/p><p>Safari<br \/>Klicken Sie auf Safari -&gt; Einstellungen -&gt; Datenschutz -&gt; Website-Daten verwalten -&gt; Alle l\u00f6schen und best\u00e4tigen Sie.<\/p><p>Oper:<br \/>Klicken Sie auf Einstellungen -&gt; Private Daten l\u00f6schen -&gt; W\u00e4hlen Sie die beiden Felder Tempor\u00e4re Cookies l\u00f6schen und Alle Cookies l\u00f6schen aus und klicken Sie dann auf L\u00f6schen.<\/p><p>Microsoft Edge:<br \/>W\u00e4hlen Sie die drei horizontalen Linien (Hub-Symbol) in der oberen rechten Ecke des Browsers aus -&gt; klicken Sie auf Verlauf -&gt; Gesamten Verlauf l\u00f6schen -&gt; w\u00e4hlen Sie Cookies und Daten von Websites sowie gespeicherte Dateien und zwischengespeicherte Daten aus und klicken Sie auf L\u00f6schen.<\/p><p>Internet Explorer 9, 10 und 11:<br \/>W\u00e4hlen Sie Extras (im Zahnradsymbol) -&gt; Sicherheit -&gt; Browserverlauf l\u00f6schen -&gt; stellen Sie sicher, dass Sie die Option \u201eLesezeichen behalten\u201c deaktivieren, aktivieren Sie beide Optionen f\u00fcr tempor\u00e4re Internetdateien und Cookies und klicken Sie auf \u201eL\u00f6schen\u201c.<\/p>\t\t\t\t\t\t\t\t<\/div>\n\t\t\t\t<\/div>\n\t\t\t\t\t<\/div>\n\t\t<\/div>\n\t\t\t\t\t<\/div>\n\t\t<\/section>\n\t\t\t\t<\/div>\n\t\t","protected":false},"excerpt":{"rendered":"<p>Datenschutz-Bestimmungen Getloyaltytest behandelt Ihre Daten vertraulich. Ihre Daten werden in einer Datei gespeichert, die Eigentum von Getloyaltytest ist. Getloyaltytest sendet Ihnen nur mit Ihrer Genehmigung Informationen zu seinen Dienstleistungen zu. Sie k\u00f6nnen diesen Service jedoch jederzeit einfach und kostenlos abbestellen. Sie k\u00f6nnen Ihr Recht auf Zugang, Berichtigung oder L\u00f6schung sowie Widerspruch aus\u00fcben, indem Sie eine [&hellip;]<\/p>\n","protected":false},"author":1,"featured_media":0,"parent":0,"menu_order":0,"comment_status":"closed","ping_status":"closed","template":"","meta":{"footnotes":""},"class_list":["post-115","page","type-page","status-publish","hentry"],"yoast_head":"<!-- This site is optimized with the Yoast SEO plugin v27.4 - https:\/\/yoast.com\/product\/yoast-seo-wordpress\/ -->\n<title>Datenschutzrichtlinie und Cookies - Get Loyalty Test<\/title>\n<meta name=\"robots\" content=\"noindex, follow\" \/>\n<meta property=\"og:locale\" content=\"de_DE\" \/>\n<meta property=\"og:type\" content=\"article\" \/>\n<meta property=\"og:title\" content=\"Datenschutzrichtlinie und Cookies - Get Loyalty Test\" \/>\n<meta property=\"og:description\" content=\"Datenschutz-Bestimmungen Getloyaltytest behandelt Ihre Daten vertraulich. Ihre Daten werden in einer Datei gespeichert, die Eigentum von Getloyaltytest ist. Getloyaltytest sendet Ihnen nur mit Ihrer Genehmigung Informationen zu seinen Dienstleistungen zu. Sie k\u00f6nnen diesen Service jedoch jederzeit einfach und kostenlos abbestellen. Sie k\u00f6nnen Ihr Recht auf Zugang, Berichtigung oder L\u00f6schung sowie Widerspruch aus\u00fcben, indem Sie eine [&hellip;]\" \/>\n<meta property=\"og:url\" content=\"https:\/\/getloyaltytest.com\/de\/datenschutzrichtlinie-und-cookies\/\" \/>\n<meta property=\"og:site_name\" content=\"Get Loyalty Test\" \/>\n<meta property=\"article:modified_time\" content=\"2023-06-04T22:27:19+00:00\" \/>\n<meta name=\"twitter:card\" content=\"summary_large_image\" \/>\n<meta name=\"twitter:label1\" content=\"Gesch\u00e4tzte Lesezeit\" \/>\n\t<meta name=\"twitter:data1\" content=\"2\u00a0Minuten\" \/>\n<script type=\"application\/ld+json\" class=\"yoast-schema-graph\">{\"@context\":\"https:\\\/\\\/schema.org\",\"@graph\":[{\"@type\":\"WebPage\",\"@id\":\"https:\\\/\\\/getloyaltytest.com\\\/de\\\/datenschutzrichtlinie-und-cookies\\\/\",\"url\":\"https:\\\/\\\/getloyaltytest.com\\\/de\\\/datenschutzrichtlinie-und-cookies\\\/\",\"name\":\"Datenschutzrichtlinie und Cookies - Get Loyalty Test\",\"isPartOf\":{\"@id\":\"https:\\\/\\\/getloyaltytest.com\\\/de\\\/#website\"},\"datePublished\":\"2023-06-04T22:25:09+00:00\",\"dateModified\":\"2023-06-04T22:27:19+00:00\",\"breadcrumb\":{\"@id\":\"https:\\\/\\\/getloyaltytest.com\\\/de\\\/datenschutzrichtlinie-und-cookies\\\/#breadcrumb\"},\"inLanguage\":\"de\",\"potentialAction\":[{\"@type\":\"ReadAction\",\"target\":[\"https:\\\/\\\/getloyaltytest.com\\\/de\\\/datenschutzrichtlinie-und-cookies\\\/\"]}]},{\"@type\":\"BreadcrumbList\",\"@id\":\"https:\\\/\\\/getloyaltytest.com\\\/de\\\/datenschutzrichtlinie-und-cookies\\\/#breadcrumb\",\"itemListElement\":[{\"@type\":\"ListItem\",\"position\":1,\"name\":\"In\u00edcio\",\"item\":\"https:\\\/\\\/getloyaltytest.com\\\/de\\\/\"},{\"@type\":\"ListItem\",\"position\":2,\"name\":\"Datenschutzrichtlinie und Cookies\"}]},{\"@type\":\"WebSite\",\"@id\":\"https:\\\/\\\/getloyaltytest.com\\\/de\\\/#website\",\"url\":\"https:\\\/\\\/getloyaltytest.com\\\/de\\\/\",\"name\":\"Get Loyalty Test\",\"description\":\"\",\"publisher\":{\"@id\":\"https:\\\/\\\/getloyaltytest.com\\\/de\\\/#organization\"},\"potentialAction\":[{\"@type\":\"SearchAction\",\"target\":{\"@type\":\"EntryPoint\",\"urlTemplate\":\"https:\\\/\\\/getloyaltytest.com\\\/de\\\/?s={search_term_string}\"},\"query-input\":{\"@type\":\"PropertyValueSpecification\",\"valueRequired\":true,\"valueName\":\"search_term_string\"}}],\"inLanguage\":\"de\"},{\"@type\":\"Organization\",\"@id\":\"https:\\\/\\\/getloyaltytest.com\\\/de\\\/#organization\",\"name\":\"Get Loyalty Test\",\"url\":\"https:\\\/\\\/getloyaltytest.com\\\/de\\\/\",\"logo\":{\"@type\":\"ImageObject\",\"inLanguage\":\"de\",\"@id\":\"https:\\\/\\\/getloyaltytest.com\\\/de\\\/#\\\/schema\\\/logo\\\/image\\\/\",\"url\":\"https:\\\/\\\/getloyaltytest.com\\\/de\\\/wp-content\\\/uploads\\\/sites\\\/4\\\/2023\\\/06\\\/get-loyalty-test-logo-seo.png\",\"contentUrl\":\"https:\\\/\\\/getloyaltytest.com\\\/de\\\/wp-content\\\/uploads\\\/sites\\\/4\\\/2023\\\/06\\\/get-loyalty-test-logo-seo.png\",\"width\":760,\"height\":380,\"caption\":\"Get Loyalty Test\"},\"image\":{\"@id\":\"https:\\\/\\\/getloyaltytest.com\\\/de\\\/#\\\/schema\\\/logo\\\/image\\\/\"},\"sameAs\":[\"https:\\\/\\\/www.instagram.com\\\/getloyaltytest\\\/\"]}]}<\/script>\n<!-- \/ Yoast SEO plugin. -->","yoast_head_json":{"title":"Datenschutzrichtlinie und Cookies - Get Loyalty Test","robots":{"index":"noindex","follow":"follow"},"og_locale":"de_DE","og_type":"article","og_title":"Datenschutzrichtlinie und Cookies - Get Loyalty Test","og_description":"Datenschutz-Bestimmungen Getloyaltytest behandelt Ihre Daten vertraulich. Ihre Daten werden in einer Datei gespeichert, die Eigentum von Getloyaltytest ist. Getloyaltytest sendet Ihnen nur mit Ihrer Genehmigung Informationen zu seinen Dienstleistungen zu. Sie k\u00f6nnen diesen Service jedoch jederzeit einfach und kostenlos abbestellen. Sie k\u00f6nnen Ihr Recht auf Zugang, Berichtigung oder L\u00f6schung sowie Widerspruch aus\u00fcben, indem Sie eine [&hellip;]","og_url":"https:\/\/getloyaltytest.com\/de\/datenschutzrichtlinie-und-cookies\/","og_site_name":"Get Loyalty Test","article_modified_time":"2023-06-04T22:27:19+00:00","twitter_card":"summary_large_image","twitter_misc":{"Gesch\u00e4tzte Lesezeit":"2\u00a0Minuten"},"schema":{"@context":"https:\/\/schema.org","@graph":[{"@type":"WebPage","@id":"https:\/\/getloyaltytest.com\/de\/datenschutzrichtlinie-und-cookies\/","url":"https:\/\/getloyaltytest.com\/de\/datenschutzrichtlinie-und-cookies\/","name":"Datenschutzrichtlinie und Cookies - Get Loyalty Test","isPartOf":{"@id":"https:\/\/getloyaltytest.com\/de\/#website"},"datePublished":"2023-06-04T22:25:09+00:00","dateModified":"2023-06-04T22:27:19+00:00","breadcrumb":{"@id":"https:\/\/getloyaltytest.com\/de\/datenschutzrichtlinie-und-cookies\/#breadcrumb"},"inLanguage":"de","potentialAction":[{"@type":"ReadAction","target":["https:\/\/getloyaltytest.com\/de\/datenschutzrichtlinie-und-cookies\/"]}]},{"@type":"BreadcrumbList","@id":"https:\/\/getloyaltytest.com\/de\/datenschutzrichtlinie-und-cookies\/#breadcrumb","itemListElement":[{"@type":"ListItem","position":1,"name":"In\u00edcio","item":"https:\/\/getloyaltytest.com\/de\/"},{"@type":"ListItem","position":2,"name":"Datenschutzrichtlinie und Cookies"}]},{"@type":"WebSite","@id":"https:\/\/getloyaltytest.com\/de\/#website","url":"https:\/\/getloyaltytest.com\/de\/","name":"Get Loyalty Test","description":"","publisher":{"@id":"https:\/\/getloyaltytest.com\/de\/#organization"},"potentialAction":[{"@type":"SearchAction","target":{"@type":"EntryPoint","urlTemplate":"https:\/\/getloyaltytest.com\/de\/?s={search_term_string}"},"query-input":{"@type":"PropertyValueSpecification","valueRequired":true,"valueName":"search_term_string"}}],"inLanguage":"de"},{"@type":"Organization","@id":"https:\/\/getloyaltytest.com\/de\/#organization","name":"Get Loyalty Test","url":"https:\/\/getloyaltytest.com\/de\/","logo":{"@type":"ImageObject","inLanguage":"de","@id":"https:\/\/getloyaltytest.com\/de\/#\/schema\/logo\/image\/","url":"https:\/\/getloyaltytest.com\/de\/wp-content\/uploads\/sites\/4\/2023\/06\/get-loyalty-test-logo-seo.png","contentUrl":"https:\/\/getloyaltytest.com\/de\/wp-content\/uploads\/sites\/4\/2023\/06\/get-loyalty-test-logo-seo.png","width":760,"height":380,"caption":"Get Loyalty Test"},"image":{"@id":"https:\/\/getloyaltytest.com\/de\/#\/schema\/logo\/image\/"},"sameAs":["https:\/\/www.instagram.com\/getloyaltytest\/"]}]}},"_links":{"self":[{"href":"https:\/\/getloyaltytest.com\/de\/wp-json\/wp\/v2\/pages\/115","targetHints":{"allow":["GET"]}}],"collection":[{"href":"https:\/\/getloyaltytest.com\/de\/wp-json\/wp\/v2\/pages"}],"about":[{"href":"https:\/\/getloyaltytest.com\/de\/wp-json\/wp\/v2\/types\/page"}],"author":[{"embeddable":true,"href":"https:\/\/getloyaltytest.com\/de\/wp-json\/wp\/v2\/users\/1"}],"replies":[{"embeddable":true,"href":"https:\/\/getloyaltytest.com\/de\/wp-json\/wp\/v2\/comments?post=115"}],"version-history":[{"count":3,"href":"https:\/\/getloyaltytest.com\/de\/wp-json\/wp\/v2\/pages\/115\/revisions"}],"predecessor-version":[{"id":118,"href":"https:\/\/getloyaltytest.com\/de\/wp-json\/wp\/v2\/pages\/115\/revisions\/118"}],"wp:attachment":[{"href":"https:\/\/getloyaltytest.com\/de\/wp-json\/wp\/v2\/media?parent=115"}],"curies":[{"name":"wp","href":"https:\/\/api.w.org\/{rel}","templated":true}]}}